{"id":3733,"date":"2024-12-30T14:36:44","date_gmt":"2024-12-30T14:36:44","guid":{"rendered":"https:\/\/bhimportsexports.com\/hl=pt\/?post_type=product&#038;p=3733"},"modified":"2024-12-30T14:36:44","modified_gmt":"2024-12-30T14:36:44","slug":"sensor-indutivo-para-alta-pressao-m18ei-psc72b-s04g-s01","status":"publish","type":"product","link":"https:\/\/bhimportsexports.com\/hl=pt\/produto\/sensor-indutivo-para-alta-pressao-m18ei-psc72b-s04g-s01\/","title":{"rendered":"Sensor indutivo para alta press\u00e3o M18EI-PSC72B-S04G-S01"},"content":{"rendered":"<p>Dimens\u00f5es \u00d8 18 x 65 mm Formato construtivo M18x1 Instala\u00e7\u00e3o facetada Alcance 7,2 mm Sa\u00edda de comuta\u00e7\u00e3o PNP Contato normalmente aberto (NA) Frequ\u00eancia de comuta\u00e7\u00e3o 350 Hz Material do inv\u00f3lucro A\u00e7o inoxid\u00e1vel, revestido, PTFE Superf\u00edcie ativa, material A\u00e7o inoxid\u00e1vel Conex\u00e3o Conector plug-in, M12x1-Conector, 4 polos Tens\u00e3o de servi\u00e7o UB 10\u202630 VDC Temperatura ambiente -25\u202670 \u00b0C Resist\u00eancia \u00e0 press\u00e3o, m\u00e1x. 40 barras Classe de prote\u00e7\u00e3o IP67 Certifica\u00e7\u00e3o\/conformidade CE UKCA cULus WEEE<\/p>\n","protected":false},"excerpt":{"rendered":"<p>Dimens\u00f5es \u00d8 18 x 65 mm Formato construtivo M18x1 Instala\u00e7\u00e3o facetada Alcance 7,2 mm Sa\u00edda de comuta\u00e7\u00e3o PNP Contato normalmente aberto (NA) Frequ\u00eancia de comuta\u00e7\u00e3o 350 Hz Material do inv\u00f3lucro A\u00e7o inoxid\u00e1vel, revestido, PTFE Superf\u00edcie ativa, material A\u00e7o inoxid\u00e1vel Conex\u00e3o Conector plug-in, M12x1-Conector, 4 polos Tens\u00e3o de servi\u00e7o UB 10\u202630 VDC Temperatura ambiente -25\u202670 \u00b0C [&hellip;]<\/p>\n","protected":false},"featured_media":3734,"comment_status":"open","ping_status":"closed","template":"","meta":[],"product_brand":[],"product_cat":[1115],"product_tag":[],"class_list":{"0":"post-3733","1":"product","2":"type-product","3":"status-publish","4":"has-post-thumbnail","6":"product_cat-sensor","8":"first","9":"instock","10":"shipping-taxable","11":"purchasable","12":"product-type-simple"},"yoast_head":"<!-- This site is optimized with the Yoast SEO plugin v27.4 - https:\/\/yoast.com\/product\/yoast-seo-wordpress\/ -->\n<title>Sensor indutivo para alta press\u00e3o M18EI-PSC72B-S04G-S01 - BH IMPORTS &amp; EXPORTS<\/title>\n<meta name=\"robots\" content=\"index, follow, max-snippet:-1, max-image-preview:large, max-video-preview:-1\" \/>\n<link rel=\"canonical\" href=\"https:\/\/bhimportsexports.com\/hl=pt\/produto\/sensor-indutivo-para-alta-pressao-m18ei-psc72b-s04g-s01\/\" \/>\n<meta property=\"og:locale\" content=\"pt_BR\" \/>\n<meta property=\"og:type\" content=\"article\" \/>\n<meta property=\"og:title\" content=\"Sensor indutivo para alta press\u00e3o M18EI-PSC72B-S04G-S01 - BH IMPORTS &amp; EXPORTS\" \/>\n<meta property=\"og:description\" content=\"Dimens\u00f5es \u00d8 18 x 65 mm Formato construtivo M18x1 Instala\u00e7\u00e3o facetada Alcance 7,2 mm Sa\u00edda de comuta\u00e7\u00e3o PNP Contato normalmente aberto (NA) Frequ\u00eancia de comuta\u00e7\u00e3o 350 Hz Material do inv\u00f3lucro A\u00e7o inoxid\u00e1vel, revestido, PTFE Superf\u00edcie ativa, material A\u00e7o inoxid\u00e1vel Conex\u00e3o Conector plug-in, M12x1-Conector, 4 polos Tens\u00e3o de servi\u00e7o UB 10\u202630 VDC Temperatura ambiente -25\u202670 \u00b0C [&hellip;]\" \/>\n<meta property=\"og:url\" content=\"https:\/\/bhimportsexports.com\/hl=pt\/produto\/sensor-indutivo-para-alta-pressao-m18ei-psc72b-s04g-s01\/\" \/>\n<meta property=\"og:site_name\" content=\"BH IMPORTS &amp; EXPORTS\" \/>\n<meta property=\"og:image\" content=\"https:\/\/bhimportsexports.com\/wp-content\/uploads\/2024\/12\/42085_00_P_04_PTFE_00_00-300x300-1.png\" \/>\n\t<meta property=\"og:image:width\" content=\"300\" \/>\n\t<meta property=\"og:image:height\" content=\"300\" \/>\n\t<meta property=\"og:image:type\" content=\"image\/png\" \/>\n<meta name=\"twitter:card\" content=\"summary_large_image\" \/>\n<meta name=\"twitter:label1\" content=\"Est. tempo de leitura\" \/>\n\t<meta name=\"twitter:data1\" content=\"1 minuto\" \/>\n<script type=\"application\/ld+json\" class=\"yoast-schema-graph\">{\"@context\":\"https:\\\/\\\/schema.org\",\"@graph\":[{\"@type\":\"WebPage\",\"@id\":\"https:\\\/\\\/bhimportsexports.com\\\/hl=pt\\\/produto\\\/sensor-indutivo-para-alta-pressao-m18ei-psc72b-s04g-s01\\\/\",\"url\":\"https:\\\/\\\/bhimportsexports.com\\\/hl=pt\\\/produto\\\/sensor-indutivo-para-alta-pressao-m18ei-psc72b-s04g-s01\\\/\",\"name\":\"Sensor indutivo para alta press\u00e3o M18EI-PSC72B-S04G-S01 - BH IMPORTS &amp; EXPORTS\",\"isPartOf\":{\"@id\":\"https:\\\/\\\/bhimportsexports.com\\\/hl=pt\\\/#website\"},\"primaryImageOfPage\":{\"@id\":\"https:\\\/\\\/bhimportsexports.com\\\/hl=pt\\\/produto\\\/sensor-indutivo-para-alta-pressao-m18ei-psc72b-s04g-s01\\\/#primaryimage\"},\"image\":{\"@id\":\"https:\\\/\\\/bhimportsexports.com\\\/hl=pt\\\/produto\\\/sensor-indutivo-para-alta-pressao-m18ei-psc72b-s04g-s01\\\/#primaryimage\"},\"thumbnailUrl\":\"https:\\\/\\\/bhimportsexports.com\\\/wp-content\\\/uploads\\\/2024\\\/12\\\/42085_00_P_04_PTFE_00_00-300x300-1.png\",\"datePublished\":\"2024-12-30T14:36:44+00:00\",\"breadcrumb\":{\"@id\":\"https:\\\/\\\/bhimportsexports.com\\\/hl=pt\\\/produto\\\/sensor-indutivo-para-alta-pressao-m18ei-psc72b-s04g-s01\\\/#breadcrumb\"},\"inLanguage\":\"pt-BR\",\"potentialAction\":[{\"@type\":\"ReadAction\",\"target\":[\"https:\\\/\\\/bhimportsexports.com\\\/hl=pt\\\/produto\\\/sensor-indutivo-para-alta-pressao-m18ei-psc72b-s04g-s01\\\/\"]}]},{\"@type\":\"ImageObject\",\"inLanguage\":\"pt-BR\",\"@id\":\"https:\\\/\\\/bhimportsexports.com\\\/hl=pt\\\/produto\\\/sensor-indutivo-para-alta-pressao-m18ei-psc72b-s04g-s01\\\/#primaryimage\",\"url\":\"https:\\\/\\\/bhimportsexports.com\\\/wp-content\\\/uploads\\\/2024\\\/12\\\/42085_00_P_04_PTFE_00_00-300x300-1.png\",\"contentUrl\":\"https:\\\/\\\/bhimportsexports.com\\\/wp-content\\\/uploads\\\/2024\\\/12\\\/42085_00_P_04_PTFE_00_00-300x300-1.png\",\"width\":300,\"height\":300},{\"@type\":\"BreadcrumbList\",\"@id\":\"https:\\\/\\\/bhimportsexports.com\\\/hl=pt\\\/produto\\\/sensor-indutivo-para-alta-pressao-m18ei-psc72b-s04g-s01\\\/#breadcrumb\",\"itemListElement\":[{\"@type\":\"ListItem\",\"position\":1,\"name\":\"In\u00edcio\",\"item\":\"https:\\\/\\\/bhimportsexports.com\\\/hl=pt\\\/\"},{\"@type\":\"ListItem\",\"position\":2,\"name\":\"Loja\",\"item\":\"https:\\\/\\\/bhimportsexports.com\\\/hl=pt\\\/loja\\\/\"},{\"@type\":\"ListItem\",\"position\":3,\"name\":\"Sensor indutivo para alta press\u00e3o M18EI-PSC72B-S04G-S01\"}]},{\"@type\":\"WebSite\",\"@id\":\"https:\\\/\\\/bhimportsexports.com\\\/hl=pt\\\/#website\",\"url\":\"https:\\\/\\\/bhimportsexports.com\\\/hl=pt\\\/\",\"name\":\"BH IMPORTS & EXPORTS\",\"description\":\"Innovation and excellence in international trade. Import, export, consultancy and sourcing.\",\"publisher\":{\"@id\":\"https:\\\/\\\/bhimportsexports.com\\\/hl=pt\\\/#organization\"},\"potentialAction\":[{\"@type\":\"SearchAction\",\"target\":{\"@type\":\"EntryPoint\",\"urlTemplate\":\"https:\\\/\\\/bhimportsexports.com\\\/hl=pt\\\/?s={search_term_string}\"},\"query-input\":{\"@type\":\"PropertyValueSpecification\",\"valueRequired\":true,\"valueName\":\"search_term_string\"}}],\"inLanguage\":\"pt-BR\"},{\"@type\":\"Organization\",\"@id\":\"https:\\\/\\\/bhimportsexports.com\\\/hl=pt\\\/#organization\",\"name\":\"BH IMPORTS & EXPORTS\",\"url\":\"https:\\\/\\\/bhimportsexports.com\\\/hl=pt\\\/\",\"logo\":{\"@type\":\"ImageObject\",\"inLanguage\":\"pt-BR\",\"@id\":\"https:\\\/\\\/bhimportsexports.com\\\/hl=pt\\\/#\\\/schema\\\/logo\\\/image\\\/\",\"url\":\"https:\\\/\\\/bhimportsexports.com\\\/wp-content\\\/uploads\\\/2024\\\/09\\\/BH-IMPORTS.png\",\"contentUrl\":\"https:\\\/\\\/bhimportsexports.com\\\/wp-content\\\/uploads\\\/2024\\\/09\\\/BH-IMPORTS.png\",\"width\":300,\"height\":200,\"caption\":\"BH IMPORTS & EXPORTS\"},\"image\":{\"@id\":\"https:\\\/\\\/bhimportsexports.com\\\/hl=pt\\\/#\\\/schema\\\/logo\\\/image\\\/\"}}]}<\/script>\n<!-- \/ Yoast SEO plugin. -->","yoast_head_json":{"title":"Sensor indutivo para alta press\u00e3o M18EI-PSC72B-S04G-S01 - BH IMPORTS &amp; EXPORTS","robots":{"index":"index","follow":"follow","max-snippet":"max-snippet:-1","max-image-preview":"max-image-preview:large","max-video-preview":"max-video-preview:-1"},"canonical":"https:\/\/bhimportsexports.com\/hl=pt\/produto\/sensor-indutivo-para-alta-pressao-m18ei-psc72b-s04g-s01\/","og_locale":"pt_BR","og_type":"article","og_title":"Sensor indutivo para alta press\u00e3o M18EI-PSC72B-S04G-S01 - BH IMPORTS &amp; EXPORTS","og_description":"Dimens\u00f5es \u00d8 18 x 65 mm Formato construtivo M18x1 Instala\u00e7\u00e3o facetada Alcance 7,2 mm Sa\u00edda de comuta\u00e7\u00e3o PNP Contato normalmente aberto (NA) Frequ\u00eancia de comuta\u00e7\u00e3o 350 Hz Material do inv\u00f3lucro A\u00e7o inoxid\u00e1vel, revestido, PTFE Superf\u00edcie ativa, material A\u00e7o inoxid\u00e1vel Conex\u00e3o Conector plug-in, M12x1-Conector, 4 polos Tens\u00e3o de servi\u00e7o UB 10\u202630 VDC Temperatura ambiente -25\u202670 \u00b0C [&hellip;]","og_url":"https:\/\/bhimportsexports.com\/hl=pt\/produto\/sensor-indutivo-para-alta-pressao-m18ei-psc72b-s04g-s01\/","og_site_name":"BH IMPORTS &amp; EXPORTS","og_image":[{"width":300,"height":300,"url":"https:\/\/bhimportsexports.com\/wp-content\/uploads\/2024\/12\/42085_00_P_04_PTFE_00_00-300x300-1.png","type":"image\/png"}],"twitter_card":"summary_large_image","twitter_misc":{"Est. tempo de leitura":"1 minuto"},"schema":{"@context":"https:\/\/schema.org","@graph":[{"@type":"WebPage","@id":"https:\/\/bhimportsexports.com\/hl=pt\/produto\/sensor-indutivo-para-alta-pressao-m18ei-psc72b-s04g-s01\/","url":"https:\/\/bhimportsexports.com\/hl=pt\/produto\/sensor-indutivo-para-alta-pressao-m18ei-psc72b-s04g-s01\/","name":"Sensor indutivo para alta press\u00e3o M18EI-PSC72B-S04G-S01 - BH IMPORTS &amp; EXPORTS","isPartOf":{"@id":"https:\/\/bhimportsexports.com\/hl=pt\/#website"},"primaryImageOfPage":{"@id":"https:\/\/bhimportsexports.com\/hl=pt\/produto\/sensor-indutivo-para-alta-pressao-m18ei-psc72b-s04g-s01\/#primaryimage"},"image":{"@id":"https:\/\/bhimportsexports.com\/hl=pt\/produto\/sensor-indutivo-para-alta-pressao-m18ei-psc72b-s04g-s01\/#primaryimage"},"thumbnailUrl":"https:\/\/bhimportsexports.com\/wp-content\/uploads\/2024\/12\/42085_00_P_04_PTFE_00_00-300x300-1.png","datePublished":"2024-12-30T14:36:44+00:00","breadcrumb":{"@id":"https:\/\/bhimportsexports.com\/hl=pt\/produto\/sensor-indutivo-para-alta-pressao-m18ei-psc72b-s04g-s01\/#breadcrumb"},"inLanguage":"pt-BR","potentialAction":[{"@type":"ReadAction","target":["https:\/\/bhimportsexports.com\/hl=pt\/produto\/sensor-indutivo-para-alta-pressao-m18ei-psc72b-s04g-s01\/"]}]},{"@type":"ImageObject","inLanguage":"pt-BR","@id":"https:\/\/bhimportsexports.com\/hl=pt\/produto\/sensor-indutivo-para-alta-pressao-m18ei-psc72b-s04g-s01\/#primaryimage","url":"https:\/\/bhimportsexports.com\/wp-content\/uploads\/2024\/12\/42085_00_P_04_PTFE_00_00-300x300-1.png","contentUrl":"https:\/\/bhimportsexports.com\/wp-content\/uploads\/2024\/12\/42085_00_P_04_PTFE_00_00-300x300-1.png","width":300,"height":300},{"@type":"BreadcrumbList","@id":"https:\/\/bhimportsexports.com\/hl=pt\/produto\/sensor-indutivo-para-alta-pressao-m18ei-psc72b-s04g-s01\/#breadcrumb","itemListElement":[{"@type":"ListItem","position":1,"name":"In\u00edcio","item":"https:\/\/bhimportsexports.com\/hl=pt\/"},{"@type":"ListItem","position":2,"name":"Loja","item":"https:\/\/bhimportsexports.com\/hl=pt\/loja\/"},{"@type":"ListItem","position":3,"name":"Sensor indutivo para alta press\u00e3o M18EI-PSC72B-S04G-S01"}]},{"@type":"WebSite","@id":"https:\/\/bhimportsexports.com\/hl=pt\/#website","url":"https:\/\/bhimportsexports.com\/hl=pt\/","name":"BH IMPORTS & EXPORTS","description":"Innovation and excellence in international trade. Import, export, consultancy and sourcing.","publisher":{"@id":"https:\/\/bhimportsexports.com\/hl=pt\/#organization"},"potentialAction":[{"@type":"SearchAction","target":{"@type":"EntryPoint","urlTemplate":"https:\/\/bhimportsexports.com\/hl=pt\/?s={search_term_string}"},"query-input":{"@type":"PropertyValueSpecification","valueRequired":true,"valueName":"search_term_string"}}],"inLanguage":"pt-BR"},{"@type":"Organization","@id":"https:\/\/bhimportsexports.com\/hl=pt\/#organization","name":"BH IMPORTS & EXPORTS","url":"https:\/\/bhimportsexports.com\/hl=pt\/","logo":{"@type":"ImageObject","inLanguage":"pt-BR","@id":"https:\/\/bhimportsexports.com\/hl=pt\/#\/schema\/logo\/image\/","url":"https:\/\/bhimportsexports.com\/wp-content\/uploads\/2024\/09\/BH-IMPORTS.png","contentUrl":"https:\/\/bhimportsexports.com\/wp-content\/uploads\/2024\/09\/BH-IMPORTS.png","width":300,"height":200,"caption":"BH IMPORTS & EXPORTS"},"image":{"@id":"https:\/\/bhimportsexports.com\/hl=pt\/#\/schema\/logo\/image\/"}}]}},"_links":{"self":[{"href":"https:\/\/bhimportsexports.com\/hl=pt\/wp-json\/wp\/v2\/product\/3733","targetHints":{"allow":["GET"]}}],"collection":[{"href":"https:\/\/bhimportsexports.com\/hl=pt\/wp-json\/wp\/v2\/product"}],"about":[{"href":"https:\/\/bhimportsexports.com\/hl=pt\/wp-json\/wp\/v2\/types\/product"}],"replies":[{"embeddable":true,"href":"https:\/\/bhimportsexports.com\/hl=pt\/wp-json\/wp\/v2\/comments?post=3733"}],"wp:featuredmedia":[{"embeddable":true,"href":"https:\/\/bhimportsexports.com\/hl=pt\/wp-json\/wp\/v2\/media\/3734"}],"wp:attachment":[{"href":"https:\/\/bhimportsexports.com\/hl=pt\/wp-json\/wp\/v2\/media?parent=3733"}],"wp:term":[{"taxonomy":"product_brand","embeddable":true,"href":"https:\/\/bhimportsexports.com\/hl=pt\/wp-json\/wp\/v2\/product_brand?post=3733"},{"taxonomy":"product_cat","embeddable":true,"href":"https:\/\/bhimportsexports.com\/hl=pt\/wp-json\/wp\/v2\/product_cat?post=3733"},{"taxonomy":"product_tag","embeddable":true,"href":"https:\/\/bhimportsexports.com\/hl=pt\/wp-json\/wp\/v2\/product_tag?post=3733"}],"curies":[{"name":"wp","href":"https:\/\/api.w.org\/{rel}","templated":true}]}}