{"id":3723,"date":"2024-12-30T13:31:57","date_gmt":"2024-12-30T13:31:57","guid":{"rendered":"https:\/\/bhimportsexports.com\/hl=pt\/?post_type=product&#038;p=3723"},"modified":"2024-12-30T13:31:57","modified_gmt":"2024-12-30T13:31:57","slug":"sensores-de-proximidade-indutivos-bes028r-bes-516-211-e5-e-s27-2","status":"publish","type":"product","link":"https:\/\/bhimportsexports.com\/hl=pt\/produto\/sensores-de-proximidade-indutivos-bes028r-bes-516-211-e5-e-s27-2\/","title":{"rendered":"Sensores de proximidade indutivos BES028R BES 516-211-E5-E-S27"},"content":{"rendered":"<p>Dimens\u00f5es \u00d8 12 x 60 mm Formato construtivo M12x1 Instala\u00e7\u00e3o sem revestimento Alcance Sa\u00edda de comuta\u00e7\u00e3o de 4 mm Contato normalmente aberto (NA) Frequ\u00eancia de comuta\u00e7\u00e3o 25 Hz Material do inv\u00f3lucro Lat\u00e3o, niquelado Superf\u00edcie ativa, material PA 12 Cabo de conex\u00e3o, 2,00 m, PVC Tens\u00e3o de servi\u00e7o UB 20\u2026250 VAC Temperatura ambiente -25\u202670 \u00b0C Classe de prote\u00e7\u00e3o IP67 Certifica\u00e7\u00e3o\/conformidade cULus WEEE EAC Informa\u00e7\u00f5es adicionais sobre o produto C\u00f3digo NCM: 8543.70.99 Peso (em kg): 0,094 Pa\u00eds de origem: BR Chave do grupo de produtos: PA001PG002<\/p>\n","protected":false},"excerpt":{"rendered":"<p>Dimens\u00f5es \u00d8 12 x 60 mm Formato construtivo M12x1 Instala\u00e7\u00e3o sem revestimento Alcance Sa\u00edda de comuta\u00e7\u00e3o de 4 mm Contato normalmente aberto (NA) Frequ\u00eancia de comuta\u00e7\u00e3o 25 Hz Material do inv\u00f3lucro Lat\u00e3o, niquelado Superf\u00edcie ativa, material PA 12 Cabo de conex\u00e3o, 2,00 m, PVC Tens\u00e3o de servi\u00e7o UB 20\u2026250 VAC Temperatura ambiente -25\u202670 \u00b0C Classe [&hellip;]<\/p>\n","protected":false},"featured_media":2580,"comment_status":"open","ping_status":"closed","template":"","meta":[],"product_brand":[],"product_cat":[1115],"product_tag":[],"class_list":{"0":"post-3723","1":"product","2":"type-product","3":"status-publish","4":"has-post-thumbnail","6":"product_cat-sensor","8":"first","9":"instock","10":"shipping-taxable","11":"purchasable","12":"product-type-simple"},"yoast_head":"<!-- This site is optimized with the Yoast SEO plugin v27.4 - https:\/\/yoast.com\/product\/yoast-seo-wordpress\/ -->\n<title>Sensores de proximidade indutivos BES028R BES 516-211-E5-E-S27 - BH IMPORTS &amp; EXPORTS<\/title>\n<meta name=\"robots\" content=\"index, follow, max-snippet:-1, max-image-preview:large, max-video-preview:-1\" \/>\n<link rel=\"canonical\" href=\"https:\/\/bhimportsexports.com\/hl=pt\/produto\/sensores-de-proximidade-indutivos-bes028r-bes-516-211-e5-e-s27-2\/\" \/>\n<meta property=\"og:locale\" content=\"pt_BR\" \/>\n<meta property=\"og:type\" content=\"article\" \/>\n<meta property=\"og:title\" content=\"Sensores de proximidade indutivos BES028R BES 516-211-E5-E-S27 - BH IMPORTS &amp; EXPORTS\" \/>\n<meta property=\"og:description\" content=\"Dimens\u00f5es \u00d8 12 x 60 mm Formato construtivo M12x1 Instala\u00e7\u00e3o sem revestimento Alcance Sa\u00edda de comuta\u00e7\u00e3o de 4 mm Contato normalmente aberto (NA) Frequ\u00eancia de comuta\u00e7\u00e3o 25 Hz Material do inv\u00f3lucro Lat\u00e3o, niquelado Superf\u00edcie ativa, material PA 12 Cabo de conex\u00e3o, 2,00 m, PVC Tens\u00e3o de servi\u00e7o UB 20\u2026250 VAC Temperatura ambiente -25\u202670 \u00b0C Classe [&hellip;]\" \/>\n<meta property=\"og:url\" content=\"https:\/\/bhimportsexports.com\/hl=pt\/produto\/sensores-de-proximidade-indutivos-bes028r-bes-516-211-e5-e-s27-2\/\" \/>\n<meta property=\"og:site_name\" content=\"BH IMPORTS &amp; EXPORTS\" \/>\n<meta property=\"og:image\" content=\"https:\/\/bhimportsexports.com\/wp-content\/uploads\/2024\/10\/40430_00_P_00_00_00.webp\" \/>\n\t<meta property=\"og:image:width\" content=\"1280\" \/>\n\t<meta property=\"og:image:height\" content=\"1280\" \/>\n\t<meta property=\"og:image:type\" content=\"image\/webp\" \/>\n<meta name=\"twitter:card\" content=\"summary_large_image\" \/>\n<meta name=\"twitter:label1\" content=\"Est. tempo de leitura\" \/>\n\t<meta name=\"twitter:data1\" content=\"1 minuto\" \/>\n<script type=\"application\/ld+json\" class=\"yoast-schema-graph\">{\"@context\":\"https:\\\/\\\/schema.org\",\"@graph\":[{\"@type\":\"WebPage\",\"@id\":\"https:\\\/\\\/bhimportsexports.com\\\/hl=pt\\\/produto\\\/sensores-de-proximidade-indutivos-bes028r-bes-516-211-e5-e-s27-2\\\/\",\"url\":\"https:\\\/\\\/bhimportsexports.com\\\/hl=pt\\\/produto\\\/sensores-de-proximidade-indutivos-bes028r-bes-516-211-e5-e-s27-2\\\/\",\"name\":\"Sensores de proximidade indutivos BES028R BES 516-211-E5-E-S27 - BH IMPORTS &amp; EXPORTS\",\"isPartOf\":{\"@id\":\"https:\\\/\\\/bhimportsexports.com\\\/hl=pt\\\/#website\"},\"primaryImageOfPage\":{\"@id\":\"https:\\\/\\\/bhimportsexports.com\\\/hl=pt\\\/produto\\\/sensores-de-proximidade-indutivos-bes028r-bes-516-211-e5-e-s27-2\\\/#primaryimage\"},\"image\":{\"@id\":\"https:\\\/\\\/bhimportsexports.com\\\/hl=pt\\\/produto\\\/sensores-de-proximidade-indutivos-bes028r-bes-516-211-e5-e-s27-2\\\/#primaryimage\"},\"thumbnailUrl\":\"https:\\\/\\\/bhimportsexports.com\\\/wp-content\\\/uploads\\\/2024\\\/10\\\/40430_00_P_00_00_00.webp\",\"datePublished\":\"2024-12-30T13:31:57+00:00\",\"breadcrumb\":{\"@id\":\"https:\\\/\\\/bhimportsexports.com\\\/hl=pt\\\/produto\\\/sensores-de-proximidade-indutivos-bes028r-bes-516-211-e5-e-s27-2\\\/#breadcrumb\"},\"inLanguage\":\"pt-BR\",\"potentialAction\":[{\"@type\":\"ReadAction\",\"target\":[\"https:\\\/\\\/bhimportsexports.com\\\/hl=pt\\\/produto\\\/sensores-de-proximidade-indutivos-bes028r-bes-516-211-e5-e-s27-2\\\/\"]}]},{\"@type\":\"ImageObject\",\"inLanguage\":\"pt-BR\",\"@id\":\"https:\\\/\\\/bhimportsexports.com\\\/hl=pt\\\/produto\\\/sensores-de-proximidade-indutivos-bes028r-bes-516-211-e5-e-s27-2\\\/#primaryimage\",\"url\":\"https:\\\/\\\/bhimportsexports.com\\\/wp-content\\\/uploads\\\/2024\\\/10\\\/40430_00_P_00_00_00.webp\",\"contentUrl\":\"https:\\\/\\\/bhimportsexports.com\\\/wp-content\\\/uploads\\\/2024\\\/10\\\/40430_00_P_00_00_00.webp\",\"width\":1280,\"height\":1280},{\"@type\":\"BreadcrumbList\",\"@id\":\"https:\\\/\\\/bhimportsexports.com\\\/hl=pt\\\/produto\\\/sensores-de-proximidade-indutivos-bes028r-bes-516-211-e5-e-s27-2\\\/#breadcrumb\",\"itemListElement\":[{\"@type\":\"ListItem\",\"position\":1,\"name\":\"In\u00edcio\",\"item\":\"https:\\\/\\\/bhimportsexports.com\\\/hl=pt\\\/\"},{\"@type\":\"ListItem\",\"position\":2,\"name\":\"Loja\",\"item\":\"https:\\\/\\\/bhimportsexports.com\\\/hl=pt\\\/loja\\\/\"},{\"@type\":\"ListItem\",\"position\":3,\"name\":\"Sensores de proximidade indutivos BES028R BES 516-211-E5-E-S27\"}]},{\"@type\":\"WebSite\",\"@id\":\"https:\\\/\\\/bhimportsexports.com\\\/hl=pt\\\/#website\",\"url\":\"https:\\\/\\\/bhimportsexports.com\\\/hl=pt\\\/\",\"name\":\"BH IMPORTS & EXPORTS\",\"description\":\"Innovation and excellence in international trade. Import, export, consultancy and sourcing.\",\"publisher\":{\"@id\":\"https:\\\/\\\/bhimportsexports.com\\\/hl=pt\\\/#organization\"},\"potentialAction\":[{\"@type\":\"SearchAction\",\"target\":{\"@type\":\"EntryPoint\",\"urlTemplate\":\"https:\\\/\\\/bhimportsexports.com\\\/hl=pt\\\/?s={search_term_string}\"},\"query-input\":{\"@type\":\"PropertyValueSpecification\",\"valueRequired\":true,\"valueName\":\"search_term_string\"}}],\"inLanguage\":\"pt-BR\"},{\"@type\":\"Organization\",\"@id\":\"https:\\\/\\\/bhimportsexports.com\\\/hl=pt\\\/#organization\",\"name\":\"BH IMPORTS & EXPORTS\",\"url\":\"https:\\\/\\\/bhimportsexports.com\\\/hl=pt\\\/\",\"logo\":{\"@type\":\"ImageObject\",\"inLanguage\":\"pt-BR\",\"@id\":\"https:\\\/\\\/bhimportsexports.com\\\/hl=pt\\\/#\\\/schema\\\/logo\\\/image\\\/\",\"url\":\"https:\\\/\\\/bhimportsexports.com\\\/wp-content\\\/uploads\\\/2024\\\/09\\\/BH-IMPORTS.png\",\"contentUrl\":\"https:\\\/\\\/bhimportsexports.com\\\/wp-content\\\/uploads\\\/2024\\\/09\\\/BH-IMPORTS.png\",\"width\":300,\"height\":200,\"caption\":\"BH IMPORTS & EXPORTS\"},\"image\":{\"@id\":\"https:\\\/\\\/bhimportsexports.com\\\/hl=pt\\\/#\\\/schema\\\/logo\\\/image\\\/\"}}]}<\/script>\n<!-- \/ Yoast SEO plugin. -->","yoast_head_json":{"title":"Sensores de proximidade indutivos BES028R BES 516-211-E5-E-S27 - BH IMPORTS &amp; EXPORTS","robots":{"index":"index","follow":"follow","max-snippet":"max-snippet:-1","max-image-preview":"max-image-preview:large","max-video-preview":"max-video-preview:-1"},"canonical":"https:\/\/bhimportsexports.com\/hl=pt\/produto\/sensores-de-proximidade-indutivos-bes028r-bes-516-211-e5-e-s27-2\/","og_locale":"pt_BR","og_type":"article","og_title":"Sensores de proximidade indutivos BES028R BES 516-211-E5-E-S27 - BH IMPORTS &amp; EXPORTS","og_description":"Dimens\u00f5es \u00d8 12 x 60 mm Formato construtivo M12x1 Instala\u00e7\u00e3o sem revestimento Alcance Sa\u00edda de comuta\u00e7\u00e3o de 4 mm Contato normalmente aberto (NA) Frequ\u00eancia de comuta\u00e7\u00e3o 25 Hz Material do inv\u00f3lucro Lat\u00e3o, niquelado Superf\u00edcie ativa, material PA 12 Cabo de conex\u00e3o, 2,00 m, PVC Tens\u00e3o de servi\u00e7o UB 20\u2026250 VAC Temperatura ambiente -25\u202670 \u00b0C Classe [&hellip;]","og_url":"https:\/\/bhimportsexports.com\/hl=pt\/produto\/sensores-de-proximidade-indutivos-bes028r-bes-516-211-e5-e-s27-2\/","og_site_name":"BH IMPORTS &amp; EXPORTS","og_image":[{"width":1280,"height":1280,"url":"https:\/\/bhimportsexports.com\/wp-content\/uploads\/2024\/10\/40430_00_P_00_00_00.webp","type":"image\/webp"}],"twitter_card":"summary_large_image","twitter_misc":{"Est. tempo de leitura":"1 minuto"},"schema":{"@context":"https:\/\/schema.org","@graph":[{"@type":"WebPage","@id":"https:\/\/bhimportsexports.com\/hl=pt\/produto\/sensores-de-proximidade-indutivos-bes028r-bes-516-211-e5-e-s27-2\/","url":"https:\/\/bhimportsexports.com\/hl=pt\/produto\/sensores-de-proximidade-indutivos-bes028r-bes-516-211-e5-e-s27-2\/","name":"Sensores de proximidade indutivos BES028R BES 516-211-E5-E-S27 - BH IMPORTS &amp; EXPORTS","isPartOf":{"@id":"https:\/\/bhimportsexports.com\/hl=pt\/#website"},"primaryImageOfPage":{"@id":"https:\/\/bhimportsexports.com\/hl=pt\/produto\/sensores-de-proximidade-indutivos-bes028r-bes-516-211-e5-e-s27-2\/#primaryimage"},"image":{"@id":"https:\/\/bhimportsexports.com\/hl=pt\/produto\/sensores-de-proximidade-indutivos-bes028r-bes-516-211-e5-e-s27-2\/#primaryimage"},"thumbnailUrl":"https:\/\/bhimportsexports.com\/wp-content\/uploads\/2024\/10\/40430_00_P_00_00_00.webp","datePublished":"2024-12-30T13:31:57+00:00","breadcrumb":{"@id":"https:\/\/bhimportsexports.com\/hl=pt\/produto\/sensores-de-proximidade-indutivos-bes028r-bes-516-211-e5-e-s27-2\/#breadcrumb"},"inLanguage":"pt-BR","potentialAction":[{"@type":"ReadAction","target":["https:\/\/bhimportsexports.com\/hl=pt\/produto\/sensores-de-proximidade-indutivos-bes028r-bes-516-211-e5-e-s27-2\/"]}]},{"@type":"ImageObject","inLanguage":"pt-BR","@id":"https:\/\/bhimportsexports.com\/hl=pt\/produto\/sensores-de-proximidade-indutivos-bes028r-bes-516-211-e5-e-s27-2\/#primaryimage","url":"https:\/\/bhimportsexports.com\/wp-content\/uploads\/2024\/10\/40430_00_P_00_00_00.webp","contentUrl":"https:\/\/bhimportsexports.com\/wp-content\/uploads\/2024\/10\/40430_00_P_00_00_00.webp","width":1280,"height":1280},{"@type":"BreadcrumbList","@id":"https:\/\/bhimportsexports.com\/hl=pt\/produto\/sensores-de-proximidade-indutivos-bes028r-bes-516-211-e5-e-s27-2\/#breadcrumb","itemListElement":[{"@type":"ListItem","position":1,"name":"In\u00edcio","item":"https:\/\/bhimportsexports.com\/hl=pt\/"},{"@type":"ListItem","position":2,"name":"Loja","item":"https:\/\/bhimportsexports.com\/hl=pt\/loja\/"},{"@type":"ListItem","position":3,"name":"Sensores de proximidade indutivos BES028R BES 516-211-E5-E-S27"}]},{"@type":"WebSite","@id":"https:\/\/bhimportsexports.com\/hl=pt\/#website","url":"https:\/\/bhimportsexports.com\/hl=pt\/","name":"BH IMPORTS & EXPORTS","description":"Innovation and excellence in international trade. Import, export, consultancy and sourcing.","publisher":{"@id":"https:\/\/bhimportsexports.com\/hl=pt\/#organization"},"potentialAction":[{"@type":"SearchAction","target":{"@type":"EntryPoint","urlTemplate":"https:\/\/bhimportsexports.com\/hl=pt\/?s={search_term_string}"},"query-input":{"@type":"PropertyValueSpecification","valueRequired":true,"valueName":"search_term_string"}}],"inLanguage":"pt-BR"},{"@type":"Organization","@id":"https:\/\/bhimportsexports.com\/hl=pt\/#organization","name":"BH IMPORTS & EXPORTS","url":"https:\/\/bhimportsexports.com\/hl=pt\/","logo":{"@type":"ImageObject","inLanguage":"pt-BR","@id":"https:\/\/bhimportsexports.com\/hl=pt\/#\/schema\/logo\/image\/","url":"https:\/\/bhimportsexports.com\/wp-content\/uploads\/2024\/09\/BH-IMPORTS.png","contentUrl":"https:\/\/bhimportsexports.com\/wp-content\/uploads\/2024\/09\/BH-IMPORTS.png","width":300,"height":200,"caption":"BH IMPORTS & EXPORTS"},"image":{"@id":"https:\/\/bhimportsexports.com\/hl=pt\/#\/schema\/logo\/image\/"}}]}},"_links":{"self":[{"href":"https:\/\/bhimportsexports.com\/hl=pt\/wp-json\/wp\/v2\/product\/3723","targetHints":{"allow":["GET"]}}],"collection":[{"href":"https:\/\/bhimportsexports.com\/hl=pt\/wp-json\/wp\/v2\/product"}],"about":[{"href":"https:\/\/bhimportsexports.com\/hl=pt\/wp-json\/wp\/v2\/types\/product"}],"replies":[{"embeddable":true,"href":"https:\/\/bhimportsexports.com\/hl=pt\/wp-json\/wp\/v2\/comments?post=3723"}],"wp:featuredmedia":[{"embeddable":true,"href":"https:\/\/bhimportsexports.com\/hl=pt\/wp-json\/wp\/v2\/media\/2580"}],"wp:attachment":[{"href":"https:\/\/bhimportsexports.com\/hl=pt\/wp-json\/wp\/v2\/media?parent=3723"}],"wp:term":[{"taxonomy":"product_brand","embeddable":true,"href":"https:\/\/bhimportsexports.com\/hl=pt\/wp-json\/wp\/v2\/product_brand?post=3723"},{"taxonomy":"product_cat","embeddable":true,"href":"https:\/\/bhimportsexports.com\/hl=pt\/wp-json\/wp\/v2\/product_cat?post=3723"},{"taxonomy":"product_tag","embeddable":true,"href":"https:\/\/bhimportsexports.com\/hl=pt\/wp-json\/wp\/v2\/product_tag?post=3723"}],"curies":[{"name":"wp","href":"https:\/\/api.w.org\/{rel}","templated":true}]}}