{"id":3717,"date":"2024-12-27T23:07:59","date_gmt":"2024-12-27T23:07:59","guid":{"rendered":"https:\/\/bhimportsexports.com\/hl=pt\/?post_type=product&#038;p=3717"},"modified":"2024-12-27T23:14:16","modified_gmt":"2024-12-27T23:14:16","slug":"mr100020-fonte-de-alimentacao-dc-5000w-1000v-20a","status":"publish","type":"product","link":"https:\/\/bhimportsexports.com\/hl=pt\/produto\/mr100020-fonte-de-alimentacao-dc-5000w-1000v-20a\/","title":{"rendered":"MR100020 \u2013 FONTE DE ALIMENTA\u00c7\u00c3O DC 5000W, 1000V, 20A"},"content":{"rendered":"<p>A nova s\u00e9rie MR de fontes de alimenta\u00e7\u00e3o CC program\u00e1veis \u200b\u200bmulti-faixa com pot\u00eancia de 5 kW oferece at\u00e9 1000 V ou 80 A em um formato compacto de 2U e \u00e9 adequada para uso em aplica\u00e7\u00f5es de bancada e sistema de teste autom\u00e1tico. A s\u00e9rie MR opera em diferentes faixas, oferecendo flexibilidade adicional na forma de combina\u00e7\u00f5es de tens\u00e3o e corrente, capaz de substituir v\u00e1rias fontes de alimenta\u00e7\u00e3o de faixa fixa. O modelo MR100020 fornece at\u00e9 1000 V ou at\u00e9 20 A dentro da faixa de pot\u00eancia de 5 kW. A s\u00e9rie MR \u00e9 a primeira fam\u00edlia de instrumentos B&amp;K Precision a ser certificada pela cTUVus. A certifica\u00e7\u00e3o cTUVus demonstra conformidade com os padr\u00f5es de seguran\u00e7a CSA e UL. Outro novo recurso \u00e9 a interface LAN compat\u00edvel com o padr\u00e3o LXI e drivers IVI, que simplificam o desenvolvimento e a integra\u00e7\u00e3o em sistemas. Al\u00e9m disso, a s\u00e9rie MR oferece uma variedade de recursos, como uma ampla gama de interfaces de comunica\u00e7\u00e3o, excelente regula\u00e7\u00e3o e caracter\u00edsticas de baixo ru\u00eddo. A s\u00e9rie MR inclui fun\u00e7\u00e3o SAS (simulador de matriz solar) integrada para simular um painel solar e gerar curvas I-V a partir do painel frontal. O software SAS opcional permite que os usu\u00e1rios simulem v\u00e1rias condi\u00e7\u00f5es clim\u00e1ticas e reproduzam consistentemente as curvas I-V enquanto monitoram os dados de efici\u00eancia do MPPT. \u2013 Opera\u00e7\u00e3o multi-range, permite que voc\u00ea substitua v\u00e1rias fontes de alimenta\u00e7\u00e3o de alcance fixo; \u2013 Formato compacto 2U \u2013 Interfaces LAN compat\u00edveis com LXI, USB (compat\u00edvel com USBTMC), RS232 e GPIB; \u2013 Interface de monitoramento e controle anal\u00f3gico isolada galvanicamente; \u2013 Prote\u00e7\u00f5es: OVP, OCP, OPP, OTP, modo de prote\u00e7\u00e3o foldback e fun\u00e7\u00e3o de bloqueio de teclado; \u2013 Tempo de subida e descida de declive de tens\u00e3o e corrente ajust\u00e1vel; \u2013 Modo de lista: 10 configura\u00e7\u00f5es definidas pelo usu\u00e1rio, cada uma com at\u00e9 100 etapas program\u00e1veis; \u2013 Fun\u00e7\u00e3o SAS integrada para armazenar at\u00e9 101 curvas I-V com Voc, Isc, Vmp, Imp, par\u00e2metros e tabela de 4096 pontos; \u2013 Sensor remoto para compensar queda de tens\u00e3o \u2013 Opera\u00e7\u00e3o em modo Mestre\/Escravo permite at\u00e9 50 kW com 10 unidades conectadas em paralelo; \u2013 Controle de at\u00e9 30 fontes de alimenta\u00e7\u00e3o a partir de um PC; \u2013 Software aplicativo para controle remoto, gera\u00e7\u00e3o de sequ\u00eancias de teste e grava\u00e7\u00e3o de dados; \u2013 A certifica\u00e7\u00e3o cTUVus demonstra conformidade com os padr\u00f5es de seguran\u00e7a CSA e UL.<\/p>\n","protected":false},"excerpt":{"rendered":"<p>A nova s\u00e9rie MR de fontes de alimenta\u00e7\u00e3o CC program\u00e1veis \u200b\u200bmulti-faixa com pot\u00eancia de 5 kW oferece at\u00e9 1000 V ou 80 A em um formato compacto de 2U e \u00e9 adequada para uso em aplica\u00e7\u00f5es de bancada e sistema de teste autom\u00e1tico. A s\u00e9rie MR opera em diferentes faixas, oferecendo flexibilidade adicional na forma [&hellip;]<\/p>\n","protected":false},"featured_media":3720,"comment_status":"open","ping_status":"closed","template":"","meta":[],"product_brand":[],"product_cat":[1113],"product_tag":[],"class_list":{"0":"post-3717","1":"product","2":"type-product","3":"status-publish","4":"has-post-thumbnail","6":"product_cat-fonte-de-alimentacao","8":"first","9":"instock","10":"shipping-taxable","11":"purchasable","12":"product-type-simple"},"yoast_head":"<!-- This site is optimized with the Yoast SEO plugin v27.4 - https:\/\/yoast.com\/product\/yoast-seo-wordpress\/ -->\n<title>MR100020 \u2013 FONTE DE ALIMENTA\u00c7\u00c3O DC 5000W, 1000V, 20A - BH IMPORTS &amp; EXPORTS<\/title>\n<meta name=\"robots\" content=\"index, follow, max-snippet:-1, max-image-preview:large, max-video-preview:-1\" \/>\n<link rel=\"canonical\" href=\"https:\/\/bhimportsexports.com\/hl=pt\/produto\/mr100020-fonte-de-alimentacao-dc-5000w-1000v-20a\/\" \/>\n<meta property=\"og:locale\" content=\"pt_BR\" \/>\n<meta property=\"og:type\" content=\"article\" \/>\n<meta property=\"og:title\" content=\"MR100020 \u2013 FONTE DE ALIMENTA\u00c7\u00c3O DC 5000W, 1000V, 20A - BH IMPORTS &amp; EXPORTS\" \/>\n<meta property=\"og:description\" content=\"A nova s\u00e9rie MR de fontes de alimenta\u00e7\u00e3o CC program\u00e1veis \u200b\u200bmulti-faixa com pot\u00eancia de 5 kW oferece at\u00e9 1000 V ou 80 A em um formato compacto de 2U e \u00e9 adequada para uso em aplica\u00e7\u00f5es de bancada e sistema de teste autom\u00e1tico. A s\u00e9rie MR opera em diferentes faixas, oferecendo flexibilidade adicional na forma [&hellip;]\" \/>\n<meta property=\"og:url\" content=\"https:\/\/bhimportsexports.com\/hl=pt\/produto\/mr100020-fonte-de-alimentacao-dc-5000w-1000v-20a\/\" \/>\n<meta property=\"og:site_name\" content=\"BH IMPORTS &amp; EXPORTS\" \/>\n<meta property=\"article:modified_time\" content=\"2024-12-27T23:14:16+00:00\" \/>\n<meta property=\"og:image\" content=\"https:\/\/bhimportsexports.com\/wp-content\/uploads\/2024\/12\/mr100020_fonte_dc_5000w_1000v_20a_413_1_20200306175642-300x300-1.webp\" \/>\n\t<meta property=\"og:image:width\" content=\"300\" \/>\n\t<meta property=\"og:image:height\" content=\"300\" \/>\n\t<meta property=\"og:image:type\" content=\"image\/webp\" \/>\n<meta name=\"twitter:card\" content=\"summary_large_image\" \/>\n<meta name=\"twitter:label1\" content=\"Est. tempo de leitura\" \/>\n\t<meta name=\"twitter:data1\" content=\"3 minutos\" \/>\n<script type=\"application\/ld+json\" class=\"yoast-schema-graph\">{\"@context\":\"https:\\\/\\\/schema.org\",\"@graph\":[{\"@type\":\"WebPage\",\"@id\":\"https:\\\/\\\/bhimportsexports.com\\\/hl=pt\\\/produto\\\/mr100020-fonte-de-alimentacao-dc-5000w-1000v-20a\\\/\",\"url\":\"https:\\\/\\\/bhimportsexports.com\\\/hl=pt\\\/produto\\\/mr100020-fonte-de-alimentacao-dc-5000w-1000v-20a\\\/\",\"name\":\"MR100020 \u2013 FONTE DE ALIMENTA\u00c7\u00c3O DC 5000W, 1000V, 20A - BH IMPORTS &amp; EXPORTS\",\"isPartOf\":{\"@id\":\"https:\\\/\\\/bhimportsexports.com\\\/hl=pt\\\/#website\"},\"primaryImageOfPage\":{\"@id\":\"https:\\\/\\\/bhimportsexports.com\\\/hl=pt\\\/produto\\\/mr100020-fonte-de-alimentacao-dc-5000w-1000v-20a\\\/#primaryimage\"},\"image\":{\"@id\":\"https:\\\/\\\/bhimportsexports.com\\\/hl=pt\\\/produto\\\/mr100020-fonte-de-alimentacao-dc-5000w-1000v-20a\\\/#primaryimage\"},\"thumbnailUrl\":\"https:\\\/\\\/bhimportsexports.com\\\/wp-content\\\/uploads\\\/2024\\\/12\\\/mr100020_fonte_dc_5000w_1000v_20a_413_1_20200306175642-300x300-1.webp\",\"datePublished\":\"2024-12-27T23:07:59+00:00\",\"dateModified\":\"2024-12-27T23:14:16+00:00\",\"breadcrumb\":{\"@id\":\"https:\\\/\\\/bhimportsexports.com\\\/hl=pt\\\/produto\\\/mr100020-fonte-de-alimentacao-dc-5000w-1000v-20a\\\/#breadcrumb\"},\"inLanguage\":\"pt-BR\",\"potentialAction\":[{\"@type\":\"ReadAction\",\"target\":[\"https:\\\/\\\/bhimportsexports.com\\\/hl=pt\\\/produto\\\/mr100020-fonte-de-alimentacao-dc-5000w-1000v-20a\\\/\"]}]},{\"@type\":\"ImageObject\",\"inLanguage\":\"pt-BR\",\"@id\":\"https:\\\/\\\/bhimportsexports.com\\\/hl=pt\\\/produto\\\/mr100020-fonte-de-alimentacao-dc-5000w-1000v-20a\\\/#primaryimage\",\"url\":\"https:\\\/\\\/bhimportsexports.com\\\/wp-content\\\/uploads\\\/2024\\\/12\\\/mr100020_fonte_dc_5000w_1000v_20a_413_1_20200306175642-300x300-1.webp\",\"contentUrl\":\"https:\\\/\\\/bhimportsexports.com\\\/wp-content\\\/uploads\\\/2024\\\/12\\\/mr100020_fonte_dc_5000w_1000v_20a_413_1_20200306175642-300x300-1.webp\",\"width\":300,\"height\":300},{\"@type\":\"BreadcrumbList\",\"@id\":\"https:\\\/\\\/bhimportsexports.com\\\/hl=pt\\\/produto\\\/mr100020-fonte-de-alimentacao-dc-5000w-1000v-20a\\\/#breadcrumb\",\"itemListElement\":[{\"@type\":\"ListItem\",\"position\":1,\"name\":\"In\u00edcio\",\"item\":\"https:\\\/\\\/bhimportsexports.com\\\/hl=pt\\\/\"},{\"@type\":\"ListItem\",\"position\":2,\"name\":\"Loja\",\"item\":\"https:\\\/\\\/bhimportsexports.com\\\/hl=pt\\\/loja\\\/\"},{\"@type\":\"ListItem\",\"position\":3,\"name\":\"MR100020 \u2013 FONTE DE ALIMENTA\u00c7\u00c3O DC 5000W, 1000V, 20A\"}]},{\"@type\":\"WebSite\",\"@id\":\"https:\\\/\\\/bhimportsexports.com\\\/hl=pt\\\/#website\",\"url\":\"https:\\\/\\\/bhimportsexports.com\\\/hl=pt\\\/\",\"name\":\"BH IMPORTS & EXPORTS\",\"description\":\"Innovation and excellence in international trade. Import, export, consultancy and sourcing.\",\"publisher\":{\"@id\":\"https:\\\/\\\/bhimportsexports.com\\\/hl=pt\\\/#organization\"},\"potentialAction\":[{\"@type\":\"SearchAction\",\"target\":{\"@type\":\"EntryPoint\",\"urlTemplate\":\"https:\\\/\\\/bhimportsexports.com\\\/hl=pt\\\/?s={search_term_string}\"},\"query-input\":{\"@type\":\"PropertyValueSpecification\",\"valueRequired\":true,\"valueName\":\"search_term_string\"}}],\"inLanguage\":\"pt-BR\"},{\"@type\":\"Organization\",\"@id\":\"https:\\\/\\\/bhimportsexports.com\\\/hl=pt\\\/#organization\",\"name\":\"BH IMPORTS & EXPORTS\",\"url\":\"https:\\\/\\\/bhimportsexports.com\\\/hl=pt\\\/\",\"logo\":{\"@type\":\"ImageObject\",\"inLanguage\":\"pt-BR\",\"@id\":\"https:\\\/\\\/bhimportsexports.com\\\/hl=pt\\\/#\\\/schema\\\/logo\\\/image\\\/\",\"url\":\"https:\\\/\\\/bhimportsexports.com\\\/wp-content\\\/uploads\\\/2024\\\/09\\\/BH-IMPORTS.png\",\"contentUrl\":\"https:\\\/\\\/bhimportsexports.com\\\/wp-content\\\/uploads\\\/2024\\\/09\\\/BH-IMPORTS.png\",\"width\":300,\"height\":200,\"caption\":\"BH IMPORTS & EXPORTS\"},\"image\":{\"@id\":\"https:\\\/\\\/bhimportsexports.com\\\/hl=pt\\\/#\\\/schema\\\/logo\\\/image\\\/\"}}]}<\/script>\n<!-- \/ Yoast SEO plugin. -->","yoast_head_json":{"title":"MR100020 \u2013 FONTE DE ALIMENTA\u00c7\u00c3O DC 5000W, 1000V, 20A - BH IMPORTS &amp; EXPORTS","robots":{"index":"index","follow":"follow","max-snippet":"max-snippet:-1","max-image-preview":"max-image-preview:large","max-video-preview":"max-video-preview:-1"},"canonical":"https:\/\/bhimportsexports.com\/hl=pt\/produto\/mr100020-fonte-de-alimentacao-dc-5000w-1000v-20a\/","og_locale":"pt_BR","og_type":"article","og_title":"MR100020 \u2013 FONTE DE ALIMENTA\u00c7\u00c3O DC 5000W, 1000V, 20A - BH IMPORTS &amp; EXPORTS","og_description":"A nova s\u00e9rie MR de fontes de alimenta\u00e7\u00e3o CC program\u00e1veis \u200b\u200bmulti-faixa com pot\u00eancia de 5 kW oferece at\u00e9 1000 V ou 80 A em um formato compacto de 2U e \u00e9 adequada para uso em aplica\u00e7\u00f5es de bancada e sistema de teste autom\u00e1tico. A s\u00e9rie MR opera em diferentes faixas, oferecendo flexibilidade adicional na forma [&hellip;]","og_url":"https:\/\/bhimportsexports.com\/hl=pt\/produto\/mr100020-fonte-de-alimentacao-dc-5000w-1000v-20a\/","og_site_name":"BH IMPORTS &amp; EXPORTS","article_modified_time":"2024-12-27T23:14:16+00:00","og_image":[{"width":300,"height":300,"url":"https:\/\/bhimportsexports.com\/wp-content\/uploads\/2024\/12\/mr100020_fonte_dc_5000w_1000v_20a_413_1_20200306175642-300x300-1.webp","type":"image\/webp"}],"twitter_card":"summary_large_image","twitter_misc":{"Est. tempo de leitura":"3 minutos"},"schema":{"@context":"https:\/\/schema.org","@graph":[{"@type":"WebPage","@id":"https:\/\/bhimportsexports.com\/hl=pt\/produto\/mr100020-fonte-de-alimentacao-dc-5000w-1000v-20a\/","url":"https:\/\/bhimportsexports.com\/hl=pt\/produto\/mr100020-fonte-de-alimentacao-dc-5000w-1000v-20a\/","name":"MR100020 \u2013 FONTE DE ALIMENTA\u00c7\u00c3O DC 5000W, 1000V, 20A - BH IMPORTS &amp; EXPORTS","isPartOf":{"@id":"https:\/\/bhimportsexports.com\/hl=pt\/#website"},"primaryImageOfPage":{"@id":"https:\/\/bhimportsexports.com\/hl=pt\/produto\/mr100020-fonte-de-alimentacao-dc-5000w-1000v-20a\/#primaryimage"},"image":{"@id":"https:\/\/bhimportsexports.com\/hl=pt\/produto\/mr100020-fonte-de-alimentacao-dc-5000w-1000v-20a\/#primaryimage"},"thumbnailUrl":"https:\/\/bhimportsexports.com\/wp-content\/uploads\/2024\/12\/mr100020_fonte_dc_5000w_1000v_20a_413_1_20200306175642-300x300-1.webp","datePublished":"2024-12-27T23:07:59+00:00","dateModified":"2024-12-27T23:14:16+00:00","breadcrumb":{"@id":"https:\/\/bhimportsexports.com\/hl=pt\/produto\/mr100020-fonte-de-alimentacao-dc-5000w-1000v-20a\/#breadcrumb"},"inLanguage":"pt-BR","potentialAction":[{"@type":"ReadAction","target":["https:\/\/bhimportsexports.com\/hl=pt\/produto\/mr100020-fonte-de-alimentacao-dc-5000w-1000v-20a\/"]}]},{"@type":"ImageObject","inLanguage":"pt-BR","@id":"https:\/\/bhimportsexports.com\/hl=pt\/produto\/mr100020-fonte-de-alimentacao-dc-5000w-1000v-20a\/#primaryimage","url":"https:\/\/bhimportsexports.com\/wp-content\/uploads\/2024\/12\/mr100020_fonte_dc_5000w_1000v_20a_413_1_20200306175642-300x300-1.webp","contentUrl":"https:\/\/bhimportsexports.com\/wp-content\/uploads\/2024\/12\/mr100020_fonte_dc_5000w_1000v_20a_413_1_20200306175642-300x300-1.webp","width":300,"height":300},{"@type":"BreadcrumbList","@id":"https:\/\/bhimportsexports.com\/hl=pt\/produto\/mr100020-fonte-de-alimentacao-dc-5000w-1000v-20a\/#breadcrumb","itemListElement":[{"@type":"ListItem","position":1,"name":"In\u00edcio","item":"https:\/\/bhimportsexports.com\/hl=pt\/"},{"@type":"ListItem","position":2,"name":"Loja","item":"https:\/\/bhimportsexports.com\/hl=pt\/loja\/"},{"@type":"ListItem","position":3,"name":"MR100020 \u2013 FONTE DE ALIMENTA\u00c7\u00c3O DC 5000W, 1000V, 20A"}]},{"@type":"WebSite","@id":"https:\/\/bhimportsexports.com\/hl=pt\/#website","url":"https:\/\/bhimportsexports.com\/hl=pt\/","name":"BH IMPORTS & EXPORTS","description":"Innovation and excellence in international trade. Import, export, consultancy and sourcing.","publisher":{"@id":"https:\/\/bhimportsexports.com\/hl=pt\/#organization"},"potentialAction":[{"@type":"SearchAction","target":{"@type":"EntryPoint","urlTemplate":"https:\/\/bhimportsexports.com\/hl=pt\/?s={search_term_string}"},"query-input":{"@type":"PropertyValueSpecification","valueRequired":true,"valueName":"search_term_string"}}],"inLanguage":"pt-BR"},{"@type":"Organization","@id":"https:\/\/bhimportsexports.com\/hl=pt\/#organization","name":"BH IMPORTS & EXPORTS","url":"https:\/\/bhimportsexports.com\/hl=pt\/","logo":{"@type":"ImageObject","inLanguage":"pt-BR","@id":"https:\/\/bhimportsexports.com\/hl=pt\/#\/schema\/logo\/image\/","url":"https:\/\/bhimportsexports.com\/wp-content\/uploads\/2024\/09\/BH-IMPORTS.png","contentUrl":"https:\/\/bhimportsexports.com\/wp-content\/uploads\/2024\/09\/BH-IMPORTS.png","width":300,"height":200,"caption":"BH IMPORTS & EXPORTS"},"image":{"@id":"https:\/\/bhimportsexports.com\/hl=pt\/#\/schema\/logo\/image\/"}}]}},"_links":{"self":[{"href":"https:\/\/bhimportsexports.com\/hl=pt\/wp-json\/wp\/v2\/product\/3717","targetHints":{"allow":["GET"]}}],"collection":[{"href":"https:\/\/bhimportsexports.com\/hl=pt\/wp-json\/wp\/v2\/product"}],"about":[{"href":"https:\/\/bhimportsexports.com\/hl=pt\/wp-json\/wp\/v2\/types\/product"}],"replies":[{"embeddable":true,"href":"https:\/\/bhimportsexports.com\/hl=pt\/wp-json\/wp\/v2\/comments?post=3717"}],"wp:featuredmedia":[{"embeddable":true,"href":"https:\/\/bhimportsexports.com\/hl=pt\/wp-json\/wp\/v2\/media\/3720"}],"wp:attachment":[{"href":"https:\/\/bhimportsexports.com\/hl=pt\/wp-json\/wp\/v2\/media?parent=3717"}],"wp:term":[{"taxonomy":"product_brand","embeddable":true,"href":"https:\/\/bhimportsexports.com\/hl=pt\/wp-json\/wp\/v2\/product_brand?post=3717"},{"taxonomy":"product_cat","embeddable":true,"href":"https:\/\/bhimportsexports.com\/hl=pt\/wp-json\/wp\/v2\/product_cat?post=3717"},{"taxonomy":"product_tag","embeddable":true,"href":"https:\/\/bhimportsexports.com\/hl=pt\/wp-json\/wp\/v2\/product_tag?post=3717"}],"curies":[{"name":"wp","href":"https:\/\/api.w.org\/{rel}","templated":true}]}}