{"id":3693,"date":"2024-12-17T00:59:58","date_gmt":"2024-12-17T00:59:58","guid":{"rendered":"https:\/\/bhimportsexports.com\/hl=pt\/?post_type=product&#038;p=3693"},"modified":"2024-12-17T01:12:00","modified_gmt":"2024-12-17T01:12:00","slug":"interface-de-depuracao-de-energia-lauterbach-usb-2","status":"publish","type":"product","link":"https:\/\/bhimportsexports.com\/hl=pt\/produto\/interface-de-depuracao-de-energia-lauterbach-usb-2\/","title":{"rendered":"Interface de depura\u00e7\u00e3o de energia Lauterbach \/ USB 2"},"content":{"rendered":"<p>Caracter\u00edsticas: Suporte para uma ampla gama de interfaces de depura\u00e7\u00e3o no chip F\u00e1cil interface de depura\u00e7\u00e3o de alto n\u00edvel e assembler para todos os compiladores Exibi\u00e7\u00e3o de perif\u00e9ricos internos e externos em um n\u00edvel l\u00f3gico Programa\u00e7\u00e3o Flash Depura\u00e7\u00e3o multiprocessador\/multicore Esses depuradores Lauterbach BDM\/JTAG oferecem suporte para uma ampla gama de interfaces de depura\u00e7\u00e3o no chip com f\u00e1cil depura\u00e7\u00e3o de alto n\u00edvel e assembler, depura\u00e7\u00e3o multiprocessador\/multicore e interface para todos os compiladores. Os depuradores BDM\/JTAG tamb\u00e9m apresentam programa\u00e7\u00e3o flash e exibi\u00e7\u00e3o de perif\u00e9ricos internos e externos em um n\u00edvel l\u00f3gico.<\/p>\n","protected":false},"excerpt":{"rendered":"<p>Caracter\u00edsticas: Suporte para uma ampla gama de interfaces de depura\u00e7\u00e3o no chip F\u00e1cil interface de depura\u00e7\u00e3o de alto n\u00edvel e assembler para todos os compiladores Exibi\u00e7\u00e3o de perif\u00e9ricos internos e externos em um n\u00edvel l\u00f3gico Programa\u00e7\u00e3o Flash Depura\u00e7\u00e3o multiprocessador\/multicore Esses depuradores Lauterbach BDM\/JTAG oferecem suporte para uma ampla gama de interfaces de depura\u00e7\u00e3o no chip [&hellip;]<\/p>\n","protected":false},"featured_media":3697,"comment_status":"open","ping_status":"closed","template":"","meta":[],"product_brand":[],"product_cat":[1102],"product_tag":[],"class_list":{"0":"post-3693","1":"product","2":"type-product","3":"status-publish","4":"has-post-thumbnail","6":"product_cat-interface","8":"first","9":"onbackorder","10":"shipping-taxable","11":"purchasable","12":"product-type-simple"},"yoast_head":"<!-- This site is optimized with the Yoast SEO plugin v27.4 - https:\/\/yoast.com\/product\/yoast-seo-wordpress\/ -->\n<title>Interface de depura\u00e7\u00e3o de energia Lauterbach \/ USB 2 - BH IMPORTS &amp; EXPORTS<\/title>\n<meta name=\"robots\" content=\"index, follow, max-snippet:-1, max-image-preview:large, max-video-preview:-1\" \/>\n<link rel=\"canonical\" href=\"https:\/\/bhimportsexports.com\/hl=pt\/produto\/interface-de-depuracao-de-energia-lauterbach-usb-2\/\" \/>\n<meta property=\"og:locale\" content=\"pt_BR\" \/>\n<meta property=\"og:type\" content=\"article\" \/>\n<meta property=\"og:title\" content=\"Interface de depura\u00e7\u00e3o de energia Lauterbach \/ USB 2 - BH IMPORTS &amp; EXPORTS\" \/>\n<meta property=\"og:description\" content=\"Caracter\u00edsticas: Suporte para uma ampla gama de interfaces de depura\u00e7\u00e3o no chip F\u00e1cil interface de depura\u00e7\u00e3o de alto n\u00edvel e assembler para todos os compiladores Exibi\u00e7\u00e3o de perif\u00e9ricos internos e externos em um n\u00edvel l\u00f3gico Programa\u00e7\u00e3o Flash Depura\u00e7\u00e3o multiprocessador\/multicore Esses depuradores Lauterbach BDM\/JTAG oferecem suporte para uma ampla gama de interfaces de depura\u00e7\u00e3o no chip [&hellip;]\" \/>\n<meta property=\"og:url\" content=\"https:\/\/bhimportsexports.com\/hl=pt\/produto\/interface-de-depuracao-de-energia-lauterbach-usb-2\/\" \/>\n<meta property=\"og:site_name\" content=\"BH IMPORTS &amp; EXPORTS\" \/>\n<meta property=\"article:modified_time\" content=\"2024-12-17T01:12:00+00:00\" \/>\n<meta property=\"og:image\" content=\"https:\/\/bhimportsexports.com\/wp-content\/uploads\/2024\/12\/Design-sem-nome-11-300x300-1.png\" \/>\n\t<meta property=\"og:image:width\" content=\"300\" \/>\n\t<meta property=\"og:image:height\" content=\"300\" \/>\n\t<meta property=\"og:image:type\" content=\"image\/png\" \/>\n<meta name=\"twitter:card\" content=\"summary_large_image\" \/>\n<meta name=\"twitter:label1\" content=\"Est. tempo de leitura\" \/>\n\t<meta name=\"twitter:data1\" content=\"1 minuto\" \/>\n<script type=\"application\/ld+json\" class=\"yoast-schema-graph\">{\"@context\":\"https:\\\/\\\/schema.org\",\"@graph\":[{\"@type\":\"WebPage\",\"@id\":\"https:\\\/\\\/bhimportsexports.com\\\/hl=pt\\\/produto\\\/interface-de-depuracao-de-energia-lauterbach-usb-2\\\/\",\"url\":\"https:\\\/\\\/bhimportsexports.com\\\/hl=pt\\\/produto\\\/interface-de-depuracao-de-energia-lauterbach-usb-2\\\/\",\"name\":\"Interface de depura\u00e7\u00e3o de energia Lauterbach \\\/ USB 2 - BH IMPORTS &amp; EXPORTS\",\"isPartOf\":{\"@id\":\"https:\\\/\\\/bhimportsexports.com\\\/hl=pt\\\/#website\"},\"primaryImageOfPage\":{\"@id\":\"https:\\\/\\\/bhimportsexports.com\\\/hl=pt\\\/produto\\\/interface-de-depuracao-de-energia-lauterbach-usb-2\\\/#primaryimage\"},\"image\":{\"@id\":\"https:\\\/\\\/bhimportsexports.com\\\/hl=pt\\\/produto\\\/interface-de-depuracao-de-energia-lauterbach-usb-2\\\/#primaryimage\"},\"thumbnailUrl\":\"https:\\\/\\\/bhimportsexports.com\\\/wp-content\\\/uploads\\\/2024\\\/12\\\/Design-sem-nome-11-300x300-1.png\",\"datePublished\":\"2024-12-17T00:59:58+00:00\",\"dateModified\":\"2024-12-17T01:12:00+00:00\",\"breadcrumb\":{\"@id\":\"https:\\\/\\\/bhimportsexports.com\\\/hl=pt\\\/produto\\\/interface-de-depuracao-de-energia-lauterbach-usb-2\\\/#breadcrumb\"},\"inLanguage\":\"pt-BR\",\"potentialAction\":[{\"@type\":\"ReadAction\",\"target\":[\"https:\\\/\\\/bhimportsexports.com\\\/hl=pt\\\/produto\\\/interface-de-depuracao-de-energia-lauterbach-usb-2\\\/\"]}]},{\"@type\":\"ImageObject\",\"inLanguage\":\"pt-BR\",\"@id\":\"https:\\\/\\\/bhimportsexports.com\\\/hl=pt\\\/produto\\\/interface-de-depuracao-de-energia-lauterbach-usb-2\\\/#primaryimage\",\"url\":\"https:\\\/\\\/bhimportsexports.com\\\/wp-content\\\/uploads\\\/2024\\\/12\\\/Design-sem-nome-11-300x300-1.png\",\"contentUrl\":\"https:\\\/\\\/bhimportsexports.com\\\/wp-content\\\/uploads\\\/2024\\\/12\\\/Design-sem-nome-11-300x300-1.png\",\"width\":300,\"height\":300},{\"@type\":\"BreadcrumbList\",\"@id\":\"https:\\\/\\\/bhimportsexports.com\\\/hl=pt\\\/produto\\\/interface-de-depuracao-de-energia-lauterbach-usb-2\\\/#breadcrumb\",\"itemListElement\":[{\"@type\":\"ListItem\",\"position\":1,\"name\":\"In\u00edcio\",\"item\":\"https:\\\/\\\/bhimportsexports.com\\\/hl=pt\\\/\"},{\"@type\":\"ListItem\",\"position\":2,\"name\":\"Loja\",\"item\":\"https:\\\/\\\/bhimportsexports.com\\\/hl=pt\\\/loja\\\/\"},{\"@type\":\"ListItem\",\"position\":3,\"name\":\"Interface de depura\u00e7\u00e3o de energia Lauterbach \\\/ USB 2\"}]},{\"@type\":\"WebSite\",\"@id\":\"https:\\\/\\\/bhimportsexports.com\\\/hl=pt\\\/#website\",\"url\":\"https:\\\/\\\/bhimportsexports.com\\\/hl=pt\\\/\",\"name\":\"BH IMPORTS & EXPORTS\",\"description\":\"Innovation and excellence in international trade. Import, export, consultancy and sourcing.\",\"publisher\":{\"@id\":\"https:\\\/\\\/bhimportsexports.com\\\/hl=pt\\\/#organization\"},\"potentialAction\":[{\"@type\":\"SearchAction\",\"target\":{\"@type\":\"EntryPoint\",\"urlTemplate\":\"https:\\\/\\\/bhimportsexports.com\\\/hl=pt\\\/?s={search_term_string}\"},\"query-input\":{\"@type\":\"PropertyValueSpecification\",\"valueRequired\":true,\"valueName\":\"search_term_string\"}}],\"inLanguage\":\"pt-BR\"},{\"@type\":\"Organization\",\"@id\":\"https:\\\/\\\/bhimportsexports.com\\\/hl=pt\\\/#organization\",\"name\":\"BH IMPORTS & EXPORTS\",\"url\":\"https:\\\/\\\/bhimportsexports.com\\\/hl=pt\\\/\",\"logo\":{\"@type\":\"ImageObject\",\"inLanguage\":\"pt-BR\",\"@id\":\"https:\\\/\\\/bhimportsexports.com\\\/hl=pt\\\/#\\\/schema\\\/logo\\\/image\\\/\",\"url\":\"https:\\\/\\\/bhimportsexports.com\\\/wp-content\\\/uploads\\\/2024\\\/09\\\/BH-IMPORTS.png\",\"contentUrl\":\"https:\\\/\\\/bhimportsexports.com\\\/wp-content\\\/uploads\\\/2024\\\/09\\\/BH-IMPORTS.png\",\"width\":300,\"height\":200,\"caption\":\"BH IMPORTS & EXPORTS\"},\"image\":{\"@id\":\"https:\\\/\\\/bhimportsexports.com\\\/hl=pt\\\/#\\\/schema\\\/logo\\\/image\\\/\"}}]}<\/script>\n<!-- \/ Yoast SEO plugin. -->","yoast_head_json":{"title":"Interface de depura\u00e7\u00e3o de energia Lauterbach \/ USB 2 - BH IMPORTS &amp; EXPORTS","robots":{"index":"index","follow":"follow","max-snippet":"max-snippet:-1","max-image-preview":"max-image-preview:large","max-video-preview":"max-video-preview:-1"},"canonical":"https:\/\/bhimportsexports.com\/hl=pt\/produto\/interface-de-depuracao-de-energia-lauterbach-usb-2\/","og_locale":"pt_BR","og_type":"article","og_title":"Interface de depura\u00e7\u00e3o de energia Lauterbach \/ USB 2 - BH IMPORTS &amp; EXPORTS","og_description":"Caracter\u00edsticas: Suporte para uma ampla gama de interfaces de depura\u00e7\u00e3o no chip F\u00e1cil interface de depura\u00e7\u00e3o de alto n\u00edvel e assembler para todos os compiladores Exibi\u00e7\u00e3o de perif\u00e9ricos internos e externos em um n\u00edvel l\u00f3gico Programa\u00e7\u00e3o Flash Depura\u00e7\u00e3o multiprocessador\/multicore Esses depuradores Lauterbach BDM\/JTAG oferecem suporte para uma ampla gama de interfaces de depura\u00e7\u00e3o no chip [&hellip;]","og_url":"https:\/\/bhimportsexports.com\/hl=pt\/produto\/interface-de-depuracao-de-energia-lauterbach-usb-2\/","og_site_name":"BH IMPORTS &amp; EXPORTS","article_modified_time":"2024-12-17T01:12:00+00:00","og_image":[{"width":300,"height":300,"url":"https:\/\/bhimportsexports.com\/wp-content\/uploads\/2024\/12\/Design-sem-nome-11-300x300-1.png","type":"image\/png"}],"twitter_card":"summary_large_image","twitter_misc":{"Est. tempo de leitura":"1 minuto"},"schema":{"@context":"https:\/\/schema.org","@graph":[{"@type":"WebPage","@id":"https:\/\/bhimportsexports.com\/hl=pt\/produto\/interface-de-depuracao-de-energia-lauterbach-usb-2\/","url":"https:\/\/bhimportsexports.com\/hl=pt\/produto\/interface-de-depuracao-de-energia-lauterbach-usb-2\/","name":"Interface de depura\u00e7\u00e3o de energia Lauterbach \/ USB 2 - BH IMPORTS &amp; EXPORTS","isPartOf":{"@id":"https:\/\/bhimportsexports.com\/hl=pt\/#website"},"primaryImageOfPage":{"@id":"https:\/\/bhimportsexports.com\/hl=pt\/produto\/interface-de-depuracao-de-energia-lauterbach-usb-2\/#primaryimage"},"image":{"@id":"https:\/\/bhimportsexports.com\/hl=pt\/produto\/interface-de-depuracao-de-energia-lauterbach-usb-2\/#primaryimage"},"thumbnailUrl":"https:\/\/bhimportsexports.com\/wp-content\/uploads\/2024\/12\/Design-sem-nome-11-300x300-1.png","datePublished":"2024-12-17T00:59:58+00:00","dateModified":"2024-12-17T01:12:00+00:00","breadcrumb":{"@id":"https:\/\/bhimportsexports.com\/hl=pt\/produto\/interface-de-depuracao-de-energia-lauterbach-usb-2\/#breadcrumb"},"inLanguage":"pt-BR","potentialAction":[{"@type":"ReadAction","target":["https:\/\/bhimportsexports.com\/hl=pt\/produto\/interface-de-depuracao-de-energia-lauterbach-usb-2\/"]}]},{"@type":"ImageObject","inLanguage":"pt-BR","@id":"https:\/\/bhimportsexports.com\/hl=pt\/produto\/interface-de-depuracao-de-energia-lauterbach-usb-2\/#primaryimage","url":"https:\/\/bhimportsexports.com\/wp-content\/uploads\/2024\/12\/Design-sem-nome-11-300x300-1.png","contentUrl":"https:\/\/bhimportsexports.com\/wp-content\/uploads\/2024\/12\/Design-sem-nome-11-300x300-1.png","width":300,"height":300},{"@type":"BreadcrumbList","@id":"https:\/\/bhimportsexports.com\/hl=pt\/produto\/interface-de-depuracao-de-energia-lauterbach-usb-2\/#breadcrumb","itemListElement":[{"@type":"ListItem","position":1,"name":"In\u00edcio","item":"https:\/\/bhimportsexports.com\/hl=pt\/"},{"@type":"ListItem","position":2,"name":"Loja","item":"https:\/\/bhimportsexports.com\/hl=pt\/loja\/"},{"@type":"ListItem","position":3,"name":"Interface de depura\u00e7\u00e3o de energia Lauterbach \/ USB 2"}]},{"@type":"WebSite","@id":"https:\/\/bhimportsexports.com\/hl=pt\/#website","url":"https:\/\/bhimportsexports.com\/hl=pt\/","name":"BH IMPORTS & EXPORTS","description":"Innovation and excellence in international trade. Import, export, consultancy and sourcing.","publisher":{"@id":"https:\/\/bhimportsexports.com\/hl=pt\/#organization"},"potentialAction":[{"@type":"SearchAction","target":{"@type":"EntryPoint","urlTemplate":"https:\/\/bhimportsexports.com\/hl=pt\/?s={search_term_string}"},"query-input":{"@type":"PropertyValueSpecification","valueRequired":true,"valueName":"search_term_string"}}],"inLanguage":"pt-BR"},{"@type":"Organization","@id":"https:\/\/bhimportsexports.com\/hl=pt\/#organization","name":"BH IMPORTS & EXPORTS","url":"https:\/\/bhimportsexports.com\/hl=pt\/","logo":{"@type":"ImageObject","inLanguage":"pt-BR","@id":"https:\/\/bhimportsexports.com\/hl=pt\/#\/schema\/logo\/image\/","url":"https:\/\/bhimportsexports.com\/wp-content\/uploads\/2024\/09\/BH-IMPORTS.png","contentUrl":"https:\/\/bhimportsexports.com\/wp-content\/uploads\/2024\/09\/BH-IMPORTS.png","width":300,"height":200,"caption":"BH IMPORTS & EXPORTS"},"image":{"@id":"https:\/\/bhimportsexports.com\/hl=pt\/#\/schema\/logo\/image\/"}}]}},"_links":{"self":[{"href":"https:\/\/bhimportsexports.com\/hl=pt\/wp-json\/wp\/v2\/product\/3693","targetHints":{"allow":["GET"]}}],"collection":[{"href":"https:\/\/bhimportsexports.com\/hl=pt\/wp-json\/wp\/v2\/product"}],"about":[{"href":"https:\/\/bhimportsexports.com\/hl=pt\/wp-json\/wp\/v2\/types\/product"}],"replies":[{"embeddable":true,"href":"https:\/\/bhimportsexports.com\/hl=pt\/wp-json\/wp\/v2\/comments?post=3693"}],"wp:featuredmedia":[{"embeddable":true,"href":"https:\/\/bhimportsexports.com\/hl=pt\/wp-json\/wp\/v2\/media\/3697"}],"wp:attachment":[{"href":"https:\/\/bhimportsexports.com\/hl=pt\/wp-json\/wp\/v2\/media?parent=3693"}],"wp:term":[{"taxonomy":"product_brand","embeddable":true,"href":"https:\/\/bhimportsexports.com\/hl=pt\/wp-json\/wp\/v2\/product_brand?post=3693"},{"taxonomy":"product_cat","embeddable":true,"href":"https:\/\/bhimportsexports.com\/hl=pt\/wp-json\/wp\/v2\/product_cat?post=3693"},{"taxonomy":"product_tag","embeddable":true,"href":"https:\/\/bhimportsexports.com\/hl=pt\/wp-json\/wp\/v2\/product_tag?post=3693"}],"curies":[{"name":"wp","href":"https:\/\/api.w.org\/{rel}","templated":true}]}}