{"id":3679,"date":"2024-12-13T11:25:34","date_gmt":"2024-12-13T11:25:34","guid":{"rendered":"https:\/\/bhimportsexports.com\/hl=pt\/?post_type=product&#038;p=3679"},"modified":"2024-12-16T13:08:21","modified_gmt":"2024-12-16T13:08:21","slug":"localizador-de-cabos-subterraneos-amprobe-at-3500","status":"publish","type":"product","link":"https:\/\/bhimportsexports.com\/hl=pt\/produto\/localizador-de-cabos-subterraneos-amprobe-at-3500\/","title":{"rendered":"Localizador de cabos subterr\u00e2neos Amprobe AT-3500"},"content":{"rendered":"<p>Localiza fios, cabos e canos subterr\u00e2neos energizados e desenergizados Tr\u00eas modos de teste para melhor precis\u00e3o Pot\u00eancia passiva (50\/60 Hz) R\u00e1dio passivo (RF) Gerador de sinal ativo T-3500 com modo de indu\u00e7\u00e3o conectado diretamente ao cabo com cabos de teste ou bra\u00e7adeira opcional Medi\u00e7\u00e3o de profundidade no modo ativo de at\u00e9 16\u2032 (4,9 m) Controle de ganho semiautom\u00e1tico \u2013 localiza\u00e7\u00e3o e controle r\u00e1pidos de sinal Frequ\u00eancia ativa de 33 kHz \u2013 melhor frequ\u00eancia para localiza\u00e7\u00e3o geral Localiza\u00e7\u00e3o precisa de servi\u00e7os p\u00fablicos subterr\u00e2neos e resposta de medidor e som excepcionalmente r\u00e1pida com display de gr\u00e1fico de barras digital multissegmento com luz de fundo e indicadores sonoros<\/p>\n","protected":false},"excerpt":{"rendered":"<p>Localiza fios, cabos e canos subterr\u00e2neos energizados e desenergizados Tr\u00eas modos de teste para melhor precis\u00e3o Pot\u00eancia passiva (50\/60 Hz) R\u00e1dio passivo (RF) Gerador de sinal ativo T-3500 com modo de indu\u00e7\u00e3o conectado diretamente ao cabo com cabos de teste ou bra\u00e7adeira opcional Medi\u00e7\u00e3o de profundidade no modo ativo de at\u00e9 16\u2032 (4,9 m) Controle [&hellip;]<\/p>\n","protected":false},"featured_media":3680,"comment_status":"open","ping_status":"closed","template":"","meta":[],"product_brand":[],"product_cat":[1099],"product_tag":[],"class_list":{"0":"post-3679","1":"product","2":"type-product","3":"status-publish","4":"has-post-thumbnail","6":"product_cat-rastreador-de-cabos","8":"first","9":"onbackorder","10":"shipping-taxable","11":"purchasable","12":"product-type-simple"},"yoast_head":"<!-- This site is optimized with the Yoast SEO plugin v27.4 - https:\/\/yoast.com\/product\/yoast-seo-wordpress\/ -->\n<title>Localizador de cabos subterr\u00e2neos Amprobe AT-3500 - BH IMPORTS &amp; EXPORTS<\/title>\n<meta name=\"description\" content=\"Localizador de cabos subterr\u00e2neos Amprobe AT 3500 Localiza fios cabos e canos subterr\u00e2neos energizados e desenergizados Tr\u00eas modos de teste\" \/>\n<meta name=\"robots\" content=\"index, follow, max-snippet:-1, max-image-preview:large, max-video-preview:-1\" \/>\n<link rel=\"canonical\" href=\"https:\/\/bhimportsexports.com\/hl=pt\/produto\/localizador-de-cabos-subterraneos-amprobe-at-3500\/\" \/>\n<meta property=\"og:locale\" content=\"pt_BR\" \/>\n<meta property=\"og:type\" content=\"article\" \/>\n<meta property=\"og:title\" content=\"Localizador de cabos subterr\u00e2neos Amprobe AT-3500 - BH IMPORTS &amp; EXPORTS\" \/>\n<meta property=\"og:description\" content=\"Localizador de cabos subterr\u00e2neos Amprobe AT 3500 Localiza fios cabos e canos subterr\u00e2neos energizados e desenergizados Tr\u00eas modos de teste\" \/>\n<meta property=\"og:url\" content=\"https:\/\/bhimportsexports.com\/hl=pt\/produto\/localizador-de-cabos-subterraneos-amprobe-at-3500\/\" \/>\n<meta property=\"og:site_name\" content=\"BH IMPORTS &amp; EXPORTS\" \/>\n<meta property=\"article:modified_time\" content=\"2024-12-16T13:08:21+00:00\" \/>\n<meta property=\"og:image\" content=\"https:\/\/bhimportsexports.com\/wp-content\/uploads\/2024\/12\/at3500-300x240-1.webp\" \/>\n\t<meta property=\"og:image:width\" content=\"300\" \/>\n\t<meta property=\"og:image:height\" content=\"240\" \/>\n\t<meta property=\"og:image:type\" content=\"image\/webp\" \/>\n<meta name=\"twitter:card\" content=\"summary_large_image\" \/>\n<meta name=\"twitter:label1\" content=\"Est. tempo de leitura\" \/>\n\t<meta name=\"twitter:data1\" content=\"1 minuto\" \/>\n<script type=\"application\/ld+json\" class=\"yoast-schema-graph\">{\"@context\":\"https:\\\/\\\/schema.org\",\"@graph\":[{\"@type\":\"WebPage\",\"@id\":\"https:\\\/\\\/bhimportsexports.com\\\/hl=pt\\\/produto\\\/localizador-de-cabos-subterraneos-amprobe-at-3500\\\/\",\"url\":\"https:\\\/\\\/bhimportsexports.com\\\/hl=pt\\\/produto\\\/localizador-de-cabos-subterraneos-amprobe-at-3500\\\/\",\"name\":\"Localizador de cabos subterr\u00e2neos Amprobe AT-3500 - BH IMPORTS &amp; EXPORTS\",\"isPartOf\":{\"@id\":\"https:\\\/\\\/bhimportsexports.com\\\/hl=pt\\\/#website\"},\"primaryImageOfPage\":{\"@id\":\"https:\\\/\\\/bhimportsexports.com\\\/hl=pt\\\/produto\\\/localizador-de-cabos-subterraneos-amprobe-at-3500\\\/#primaryimage\"},\"image\":{\"@id\":\"https:\\\/\\\/bhimportsexports.com\\\/hl=pt\\\/produto\\\/localizador-de-cabos-subterraneos-amprobe-at-3500\\\/#primaryimage\"},\"thumbnailUrl\":\"https:\\\/\\\/bhimportsexports.com\\\/wp-content\\\/uploads\\\/2024\\\/12\\\/at3500-300x240-1.webp\",\"datePublished\":\"2024-12-13T11:25:34+00:00\",\"dateModified\":\"2024-12-16T13:08:21+00:00\",\"description\":\"Localizador de cabos subterr\u00e2neos Amprobe AT 3500 Localiza fios cabos e canos subterr\u00e2neos energizados e desenergizados Tr\u00eas modos de teste\",\"breadcrumb\":{\"@id\":\"https:\\\/\\\/bhimportsexports.com\\\/hl=pt\\\/produto\\\/localizador-de-cabos-subterraneos-amprobe-at-3500\\\/#breadcrumb\"},\"inLanguage\":\"pt-BR\",\"potentialAction\":[{\"@type\":\"ReadAction\",\"target\":[\"https:\\\/\\\/bhimportsexports.com\\\/hl=pt\\\/produto\\\/localizador-de-cabos-subterraneos-amprobe-at-3500\\\/\"]}]},{\"@type\":\"ImageObject\",\"inLanguage\":\"pt-BR\",\"@id\":\"https:\\\/\\\/bhimportsexports.com\\\/hl=pt\\\/produto\\\/localizador-de-cabos-subterraneos-amprobe-at-3500\\\/#primaryimage\",\"url\":\"https:\\\/\\\/bhimportsexports.com\\\/wp-content\\\/uploads\\\/2024\\\/12\\\/at3500-300x240-1.webp\",\"contentUrl\":\"https:\\\/\\\/bhimportsexports.com\\\/wp-content\\\/uploads\\\/2024\\\/12\\\/at3500-300x240-1.webp\",\"width\":300,\"height\":240},{\"@type\":\"BreadcrumbList\",\"@id\":\"https:\\\/\\\/bhimportsexports.com\\\/hl=pt\\\/produto\\\/localizador-de-cabos-subterraneos-amprobe-at-3500\\\/#breadcrumb\",\"itemListElement\":[{\"@type\":\"ListItem\",\"position\":1,\"name\":\"In\u00edcio\",\"item\":\"https:\\\/\\\/bhimportsexports.com\\\/hl=pt\\\/\"},{\"@type\":\"ListItem\",\"position\":2,\"name\":\"Loja\",\"item\":\"https:\\\/\\\/bhimportsexports.com\\\/hl=pt\\\/loja\\\/\"},{\"@type\":\"ListItem\",\"position\":3,\"name\":\"Localizador de cabos subterr\u00e2neos Amprobe AT-3500\"}]},{\"@type\":\"WebSite\",\"@id\":\"https:\\\/\\\/bhimportsexports.com\\\/hl=pt\\\/#website\",\"url\":\"https:\\\/\\\/bhimportsexports.com\\\/hl=pt\\\/\",\"name\":\"BH IMPORTS & EXPORTS\",\"description\":\"Innovation and excellence in international trade. Import, export, consultancy and sourcing.\",\"publisher\":{\"@id\":\"https:\\\/\\\/bhimportsexports.com\\\/hl=pt\\\/#organization\"},\"potentialAction\":[{\"@type\":\"SearchAction\",\"target\":{\"@type\":\"EntryPoint\",\"urlTemplate\":\"https:\\\/\\\/bhimportsexports.com\\\/hl=pt\\\/?s={search_term_string}\"},\"query-input\":{\"@type\":\"PropertyValueSpecification\",\"valueRequired\":true,\"valueName\":\"search_term_string\"}}],\"inLanguage\":\"pt-BR\"},{\"@type\":\"Organization\",\"@id\":\"https:\\\/\\\/bhimportsexports.com\\\/hl=pt\\\/#organization\",\"name\":\"BH IMPORTS & EXPORTS\",\"url\":\"https:\\\/\\\/bhimportsexports.com\\\/hl=pt\\\/\",\"logo\":{\"@type\":\"ImageObject\",\"inLanguage\":\"pt-BR\",\"@id\":\"https:\\\/\\\/bhimportsexports.com\\\/hl=pt\\\/#\\\/schema\\\/logo\\\/image\\\/\",\"url\":\"https:\\\/\\\/bhimportsexports.com\\\/wp-content\\\/uploads\\\/2024\\\/09\\\/BH-IMPORTS.png\",\"contentUrl\":\"https:\\\/\\\/bhimportsexports.com\\\/wp-content\\\/uploads\\\/2024\\\/09\\\/BH-IMPORTS.png\",\"width\":300,\"height\":200,\"caption\":\"BH IMPORTS & EXPORTS\"},\"image\":{\"@id\":\"https:\\\/\\\/bhimportsexports.com\\\/hl=pt\\\/#\\\/schema\\\/logo\\\/image\\\/\"}}]}<\/script>\n<!-- \/ Yoast SEO plugin. -->","yoast_head_json":{"title":"Localizador de cabos subterr\u00e2neos Amprobe AT-3500 - BH IMPORTS &amp; EXPORTS","description":"Localizador de cabos subterr\u00e2neos Amprobe AT 3500 Localiza fios cabos e canos subterr\u00e2neos energizados e desenergizados Tr\u00eas modos de teste","robots":{"index":"index","follow":"follow","max-snippet":"max-snippet:-1","max-image-preview":"max-image-preview:large","max-video-preview":"max-video-preview:-1"},"canonical":"https:\/\/bhimportsexports.com\/hl=pt\/produto\/localizador-de-cabos-subterraneos-amprobe-at-3500\/","og_locale":"pt_BR","og_type":"article","og_title":"Localizador de cabos subterr\u00e2neos Amprobe AT-3500 - BH IMPORTS &amp; EXPORTS","og_description":"Localizador de cabos subterr\u00e2neos Amprobe AT 3500 Localiza fios cabos e canos subterr\u00e2neos energizados e desenergizados Tr\u00eas modos de teste","og_url":"https:\/\/bhimportsexports.com\/hl=pt\/produto\/localizador-de-cabos-subterraneos-amprobe-at-3500\/","og_site_name":"BH IMPORTS &amp; EXPORTS","article_modified_time":"2024-12-16T13:08:21+00:00","og_image":[{"width":300,"height":240,"url":"https:\/\/bhimportsexports.com\/wp-content\/uploads\/2024\/12\/at3500-300x240-1.webp","type":"image\/webp"}],"twitter_card":"summary_large_image","twitter_misc":{"Est. tempo de leitura":"1 minuto"},"schema":{"@context":"https:\/\/schema.org","@graph":[{"@type":"WebPage","@id":"https:\/\/bhimportsexports.com\/hl=pt\/produto\/localizador-de-cabos-subterraneos-amprobe-at-3500\/","url":"https:\/\/bhimportsexports.com\/hl=pt\/produto\/localizador-de-cabos-subterraneos-amprobe-at-3500\/","name":"Localizador de cabos subterr\u00e2neos Amprobe AT-3500 - BH IMPORTS &amp; EXPORTS","isPartOf":{"@id":"https:\/\/bhimportsexports.com\/hl=pt\/#website"},"primaryImageOfPage":{"@id":"https:\/\/bhimportsexports.com\/hl=pt\/produto\/localizador-de-cabos-subterraneos-amprobe-at-3500\/#primaryimage"},"image":{"@id":"https:\/\/bhimportsexports.com\/hl=pt\/produto\/localizador-de-cabos-subterraneos-amprobe-at-3500\/#primaryimage"},"thumbnailUrl":"https:\/\/bhimportsexports.com\/wp-content\/uploads\/2024\/12\/at3500-300x240-1.webp","datePublished":"2024-12-13T11:25:34+00:00","dateModified":"2024-12-16T13:08:21+00:00","description":"Localizador de cabos subterr\u00e2neos Amprobe AT 3500 Localiza fios cabos e canos subterr\u00e2neos energizados e desenergizados Tr\u00eas modos de teste","breadcrumb":{"@id":"https:\/\/bhimportsexports.com\/hl=pt\/produto\/localizador-de-cabos-subterraneos-amprobe-at-3500\/#breadcrumb"},"inLanguage":"pt-BR","potentialAction":[{"@type":"ReadAction","target":["https:\/\/bhimportsexports.com\/hl=pt\/produto\/localizador-de-cabos-subterraneos-amprobe-at-3500\/"]}]},{"@type":"ImageObject","inLanguage":"pt-BR","@id":"https:\/\/bhimportsexports.com\/hl=pt\/produto\/localizador-de-cabos-subterraneos-amprobe-at-3500\/#primaryimage","url":"https:\/\/bhimportsexports.com\/wp-content\/uploads\/2024\/12\/at3500-300x240-1.webp","contentUrl":"https:\/\/bhimportsexports.com\/wp-content\/uploads\/2024\/12\/at3500-300x240-1.webp","width":300,"height":240},{"@type":"BreadcrumbList","@id":"https:\/\/bhimportsexports.com\/hl=pt\/produto\/localizador-de-cabos-subterraneos-amprobe-at-3500\/#breadcrumb","itemListElement":[{"@type":"ListItem","position":1,"name":"In\u00edcio","item":"https:\/\/bhimportsexports.com\/hl=pt\/"},{"@type":"ListItem","position":2,"name":"Loja","item":"https:\/\/bhimportsexports.com\/hl=pt\/loja\/"},{"@type":"ListItem","position":3,"name":"Localizador de cabos subterr\u00e2neos Amprobe AT-3500"}]},{"@type":"WebSite","@id":"https:\/\/bhimportsexports.com\/hl=pt\/#website","url":"https:\/\/bhimportsexports.com\/hl=pt\/","name":"BH IMPORTS & EXPORTS","description":"Innovation and excellence in international trade. Import, export, consultancy and sourcing.","publisher":{"@id":"https:\/\/bhimportsexports.com\/hl=pt\/#organization"},"potentialAction":[{"@type":"SearchAction","target":{"@type":"EntryPoint","urlTemplate":"https:\/\/bhimportsexports.com\/hl=pt\/?s={search_term_string}"},"query-input":{"@type":"PropertyValueSpecification","valueRequired":true,"valueName":"search_term_string"}}],"inLanguage":"pt-BR"},{"@type":"Organization","@id":"https:\/\/bhimportsexports.com\/hl=pt\/#organization","name":"BH IMPORTS & EXPORTS","url":"https:\/\/bhimportsexports.com\/hl=pt\/","logo":{"@type":"ImageObject","inLanguage":"pt-BR","@id":"https:\/\/bhimportsexports.com\/hl=pt\/#\/schema\/logo\/image\/","url":"https:\/\/bhimportsexports.com\/wp-content\/uploads\/2024\/09\/BH-IMPORTS.png","contentUrl":"https:\/\/bhimportsexports.com\/wp-content\/uploads\/2024\/09\/BH-IMPORTS.png","width":300,"height":200,"caption":"BH IMPORTS & EXPORTS"},"image":{"@id":"https:\/\/bhimportsexports.com\/hl=pt\/#\/schema\/logo\/image\/"}}]}},"_links":{"self":[{"href":"https:\/\/bhimportsexports.com\/hl=pt\/wp-json\/wp\/v2\/product\/3679","targetHints":{"allow":["GET"]}}],"collection":[{"href":"https:\/\/bhimportsexports.com\/hl=pt\/wp-json\/wp\/v2\/product"}],"about":[{"href":"https:\/\/bhimportsexports.com\/hl=pt\/wp-json\/wp\/v2\/types\/product"}],"replies":[{"embeddable":true,"href":"https:\/\/bhimportsexports.com\/hl=pt\/wp-json\/wp\/v2\/comments?post=3679"}],"wp:featuredmedia":[{"embeddable":true,"href":"https:\/\/bhimportsexports.com\/hl=pt\/wp-json\/wp\/v2\/media\/3680"}],"wp:attachment":[{"href":"https:\/\/bhimportsexports.com\/hl=pt\/wp-json\/wp\/v2\/media?parent=3679"}],"wp:term":[{"taxonomy":"product_brand","embeddable":true,"href":"https:\/\/bhimportsexports.com\/hl=pt\/wp-json\/wp\/v2\/product_brand?post=3679"},{"taxonomy":"product_cat","embeddable":true,"href":"https:\/\/bhimportsexports.com\/hl=pt\/wp-json\/wp\/v2\/product_cat?post=3679"},{"taxonomy":"product_tag","embeddable":true,"href":"https:\/\/bhimportsexports.com\/hl=pt\/wp-json\/wp\/v2\/product_tag?post=3679"}],"curies":[{"name":"wp","href":"https:\/\/api.w.org\/{rel}","templated":true}]}}