{"id":3673,"date":"2024-12-10T13:02:48","date_gmt":"2024-12-10T13:02:48","guid":{"rendered":"https:\/\/bhimportsexports.com\/hl=pt\/?post_type=product&#038;p=3673"},"modified":"2024-12-10T14:17:15","modified_gmt":"2024-12-10T14:17:15","slug":"amprobe-at-6030-rastreador-de-fios-avancado","status":"publish","type":"product","link":"https:\/\/bhimportsexports.com\/hl=pt\/produto\/amprobe-at-6030-rastreador-de-fios-avancado\/","title":{"rendered":"Amprobe AT-6030 Rastreador de fios avan\u00e7ado"},"content":{"rendered":"<p>Kit rastreador de fios avan\u00e7ado Amprobe AT-6030 com grampo de sinal Com o rastreador de fios avan\u00e7ado AT-6030 com grampo de sinal, localizar fios energizados e desenergizados, disjuntores e fus\u00edveis nunca foi t\u00e3o f\u00e1cil e seguro. Quando o transmissor \u00e9 conectado ao circuito, o receptor detecta facilmente o sinal em fios ou cabos atr\u00e1s de paredes, tetos e pisos. O transmissor funciona em circuitos energizados e desenergizados de at\u00e9 600 V CA\/CC em ambientes el\u00e9tricos de categoria I a categoria III, permitindo que ele funcione diretamente em um circuito energizado sem a necessidade de desligar o equipamento. O transmissor tamb\u00e9m possui modo de sinal alto para rastreamento geral e um modo de loop projetado especificamente para localizar curtos, bem como duas frequ\u00eancias de rastreamento ideais que s\u00e3o ativadas automaticamente com base na tens\u00e3o detectada. Quatro modos de rastreamento O Quick Scan Wire Tracing permite a detec\u00e7\u00e3o r\u00e1pida de fios em uma dist\u00e2ncia maior O rastreamento preciso de fios identifica com precis\u00e3o fios ou falhas localizados atr\u00e1s de paredes, pisos ou tetos A identifica\u00e7\u00e3o do disjuntor \u00e9 um recurso de sensibilidade autom\u00e1tica que permite a localiza\u00e7\u00e3o r\u00e1pida e f\u00e1cil do disjuntor sem suposi\u00e7\u00f5es A detec\u00e7\u00e3o de tens\u00e3o sem contato usa rastreamento passivo sem o transmissor para verificar se um fio est\u00e1 energizado Caracter\u00edsticas: O grampo de sinal CT-400 pode ser usado para melhorar a precis\u00e3o e o desempenho quando n\u00e3o h\u00e1 acesso a condutores desencapados Grande tela do receptor LCD com leitura de dois d\u00edgitos, gr\u00e1fico de barras e som para determinar facilmente a localiza\u00e7\u00e3o do fio Opera\u00e7\u00e3o simples do transmissor com um bot\u00e3o Compat\u00edvel com o acess\u00f3rio Grampo de sinal CT-400 para induzir um sinal de rastreamento no cabo quando n\u00e3o h\u00e1 acesso a condutores desencapados Formul\u00e1rios Rastreie fios energizados e desenergizados Conecte-se a circuitos protegidos por GFCI Identifique disjuntores e fus\u00edveis Encontre pausas e aberturas Encontre curtos Rastreie fios em condu\u00edtes de metal Rastreie tubos e condu\u00edtes n\u00e3o met\u00e1licos Rastreie fios blindados Rastreie fios subterr\u00e2neos Rastreie fios de baixa tens\u00e3o e cabos de dados Classifique os fios agrupados Mapeie um circuito com cabos de teste Rastreie os disjuntores no sistema com dimmers de luz Circuitos de malha fechada com grampo de sinal Circuitos de mapeamento de grampo de sinal<\/p>\n","protected":false},"excerpt":{"rendered":"<p>Kit rastreador de fios avan\u00e7ado Amprobe AT-6030 com grampo de sinal Com o rastreador de fios avan\u00e7ado AT-6030 com grampo de sinal, localizar fios energizados e desenergizados, disjuntores e fus\u00edveis nunca foi t\u00e3o f\u00e1cil e seguro. Quando o transmissor \u00e9 conectado ao circuito, o receptor detecta facilmente o sinal em fios ou cabos atr\u00e1s de [&hellip;]<\/p>\n","protected":false},"featured_media":3675,"comment_status":"open","ping_status":"closed","template":"","meta":[],"product_brand":[],"product_cat":[1099],"product_tag":[],"class_list":{"0":"post-3673","1":"product","2":"type-product","3":"status-publish","4":"has-post-thumbnail","6":"product_cat-rastreador-de-cabos","8":"first","9":"instock","10":"shipping-taxable","11":"purchasable","12":"product-type-simple"},"yoast_head":"<!-- This site is optimized with the Yoast SEO plugin v27.4 - https:\/\/yoast.com\/product\/yoast-seo-wordpress\/ -->\n<title>Amprobe AT-6030 Rastreador de fios avan\u00e7ado - BH IMPORTS &amp; EXPORTS<\/title>\n<meta name=\"description\" content=\"Amprobe AT-6030 Rastreador de fios avan\u00e7ado\" \/>\n<meta name=\"robots\" content=\"index, follow, max-snippet:-1, max-image-preview:large, max-video-preview:-1\" \/>\n<link rel=\"canonical\" href=\"https:\/\/bhimportsexports.com\/hl=pt\/produto\/amprobe-at-6030-rastreador-de-fios-avancado\/\" \/>\n<meta property=\"og:locale\" content=\"pt_BR\" \/>\n<meta property=\"og:type\" content=\"article\" \/>\n<meta property=\"og:title\" content=\"Amprobe AT-6030 Rastreador de fios avan\u00e7ado - BH IMPORTS &amp; EXPORTS\" \/>\n<meta property=\"og:description\" content=\"Amprobe AT-6030 Rastreador de fios avan\u00e7ado\" \/>\n<meta property=\"og:url\" content=\"https:\/\/bhimportsexports.com\/hl=pt\/produto\/amprobe-at-6030-rastreador-de-fios-avancado\/\" \/>\n<meta property=\"og:site_name\" content=\"BH IMPORTS &amp; EXPORTS\" \/>\n<meta property=\"article:modified_time\" content=\"2024-12-10T14:17:15+00:00\" \/>\n<meta property=\"og:image\" content=\"https:\/\/bhimportsexports.com\/wp-content\/uploads\/2024\/12\/Wire-Tracer_535x363pxAT-6030-300x204-1.jpg\" \/>\n\t<meta property=\"og:image:width\" content=\"300\" \/>\n\t<meta property=\"og:image:height\" content=\"204\" \/>\n\t<meta property=\"og:image:type\" content=\"image\/jpeg\" \/>\n<meta name=\"twitter:card\" content=\"summary_large_image\" \/>\n<meta name=\"twitter:label1\" content=\"Est. tempo de leitura\" \/>\n\t<meta name=\"twitter:data1\" content=\"3 minutos\" \/>\n<script type=\"application\/ld+json\" class=\"yoast-schema-graph\">{\"@context\":\"https:\\\/\\\/schema.org\",\"@graph\":[{\"@type\":\"WebPage\",\"@id\":\"https:\\\/\\\/bhimportsexports.com\\\/hl=pt\\\/produto\\\/amprobe-at-6030-rastreador-de-fios-avancado\\\/\",\"url\":\"https:\\\/\\\/bhimportsexports.com\\\/hl=pt\\\/produto\\\/amprobe-at-6030-rastreador-de-fios-avancado\\\/\",\"name\":\"Amprobe AT-6030 Rastreador de fios avan\u00e7ado - BH IMPORTS &amp; EXPORTS\",\"isPartOf\":{\"@id\":\"https:\\\/\\\/bhimportsexports.com\\\/hl=pt\\\/#website\"},\"primaryImageOfPage\":{\"@id\":\"https:\\\/\\\/bhimportsexports.com\\\/hl=pt\\\/produto\\\/amprobe-at-6030-rastreador-de-fios-avancado\\\/#primaryimage\"},\"image\":{\"@id\":\"https:\\\/\\\/bhimportsexports.com\\\/hl=pt\\\/produto\\\/amprobe-at-6030-rastreador-de-fios-avancado\\\/#primaryimage\"},\"thumbnailUrl\":\"https:\\\/\\\/bhimportsexports.com\\\/wp-content\\\/uploads\\\/2024\\\/12\\\/Wire-Tracer_535x363pxAT-6030-300x204-1.jpg\",\"datePublished\":\"2024-12-10T13:02:48+00:00\",\"dateModified\":\"2024-12-10T14:17:15+00:00\",\"description\":\"Amprobe AT-6030 Rastreador de fios avan\u00e7ado\",\"breadcrumb\":{\"@id\":\"https:\\\/\\\/bhimportsexports.com\\\/hl=pt\\\/produto\\\/amprobe-at-6030-rastreador-de-fios-avancado\\\/#breadcrumb\"},\"inLanguage\":\"pt-BR\",\"potentialAction\":[{\"@type\":\"ReadAction\",\"target\":[\"https:\\\/\\\/bhimportsexports.com\\\/hl=pt\\\/produto\\\/amprobe-at-6030-rastreador-de-fios-avancado\\\/\"]}]},{\"@type\":\"ImageObject\",\"inLanguage\":\"pt-BR\",\"@id\":\"https:\\\/\\\/bhimportsexports.com\\\/hl=pt\\\/produto\\\/amprobe-at-6030-rastreador-de-fios-avancado\\\/#primaryimage\",\"url\":\"https:\\\/\\\/bhimportsexports.com\\\/wp-content\\\/uploads\\\/2024\\\/12\\\/Wire-Tracer_535x363pxAT-6030-300x204-1.jpg\",\"contentUrl\":\"https:\\\/\\\/bhimportsexports.com\\\/wp-content\\\/uploads\\\/2024\\\/12\\\/Wire-Tracer_535x363pxAT-6030-300x204-1.jpg\",\"width\":300,\"height\":204},{\"@type\":\"BreadcrumbList\",\"@id\":\"https:\\\/\\\/bhimportsexports.com\\\/hl=pt\\\/produto\\\/amprobe-at-6030-rastreador-de-fios-avancado\\\/#breadcrumb\",\"itemListElement\":[{\"@type\":\"ListItem\",\"position\":1,\"name\":\"In\u00edcio\",\"item\":\"https:\\\/\\\/bhimportsexports.com\\\/hl=pt\\\/\"},{\"@type\":\"ListItem\",\"position\":2,\"name\":\"Loja\",\"item\":\"https:\\\/\\\/bhimportsexports.com\\\/hl=pt\\\/loja\\\/\"},{\"@type\":\"ListItem\",\"position\":3,\"name\":\"Amprobe AT-6030 Rastreador de fios avan\u00e7ado\"}]},{\"@type\":\"WebSite\",\"@id\":\"https:\\\/\\\/bhimportsexports.com\\\/hl=pt\\\/#website\",\"url\":\"https:\\\/\\\/bhimportsexports.com\\\/hl=pt\\\/\",\"name\":\"BH IMPORTS & EXPORTS\",\"description\":\"Innovation and excellence in international trade. Import, export, consultancy and sourcing.\",\"publisher\":{\"@id\":\"https:\\\/\\\/bhimportsexports.com\\\/hl=pt\\\/#organization\"},\"potentialAction\":[{\"@type\":\"SearchAction\",\"target\":{\"@type\":\"EntryPoint\",\"urlTemplate\":\"https:\\\/\\\/bhimportsexports.com\\\/hl=pt\\\/?s={search_term_string}\"},\"query-input\":{\"@type\":\"PropertyValueSpecification\",\"valueRequired\":true,\"valueName\":\"search_term_string\"}}],\"inLanguage\":\"pt-BR\"},{\"@type\":\"Organization\",\"@id\":\"https:\\\/\\\/bhimportsexports.com\\\/hl=pt\\\/#organization\",\"name\":\"BH IMPORTS & EXPORTS\",\"url\":\"https:\\\/\\\/bhimportsexports.com\\\/hl=pt\\\/\",\"logo\":{\"@type\":\"ImageObject\",\"inLanguage\":\"pt-BR\",\"@id\":\"https:\\\/\\\/bhimportsexports.com\\\/hl=pt\\\/#\\\/schema\\\/logo\\\/image\\\/\",\"url\":\"https:\\\/\\\/bhimportsexports.com\\\/wp-content\\\/uploads\\\/2024\\\/09\\\/BH-IMPORTS.png\",\"contentUrl\":\"https:\\\/\\\/bhimportsexports.com\\\/wp-content\\\/uploads\\\/2024\\\/09\\\/BH-IMPORTS.png\",\"width\":300,\"height\":200,\"caption\":\"BH IMPORTS & EXPORTS\"},\"image\":{\"@id\":\"https:\\\/\\\/bhimportsexports.com\\\/hl=pt\\\/#\\\/schema\\\/logo\\\/image\\\/\"}}]}<\/script>\n<!-- \/ Yoast SEO plugin. -->","yoast_head_json":{"title":"Amprobe AT-6030 Rastreador de fios avan\u00e7ado - BH IMPORTS &amp; EXPORTS","description":"Amprobe AT-6030 Rastreador de fios avan\u00e7ado","robots":{"index":"index","follow":"follow","max-snippet":"max-snippet:-1","max-image-preview":"max-image-preview:large","max-video-preview":"max-video-preview:-1"},"canonical":"https:\/\/bhimportsexports.com\/hl=pt\/produto\/amprobe-at-6030-rastreador-de-fios-avancado\/","og_locale":"pt_BR","og_type":"article","og_title":"Amprobe AT-6030 Rastreador de fios avan\u00e7ado - BH IMPORTS &amp; EXPORTS","og_description":"Amprobe AT-6030 Rastreador de fios avan\u00e7ado","og_url":"https:\/\/bhimportsexports.com\/hl=pt\/produto\/amprobe-at-6030-rastreador-de-fios-avancado\/","og_site_name":"BH IMPORTS &amp; EXPORTS","article_modified_time":"2024-12-10T14:17:15+00:00","og_image":[{"width":300,"height":204,"url":"https:\/\/bhimportsexports.com\/wp-content\/uploads\/2024\/12\/Wire-Tracer_535x363pxAT-6030-300x204-1.jpg","type":"image\/jpeg"}],"twitter_card":"summary_large_image","twitter_misc":{"Est. tempo de leitura":"3 minutos"},"schema":{"@context":"https:\/\/schema.org","@graph":[{"@type":"WebPage","@id":"https:\/\/bhimportsexports.com\/hl=pt\/produto\/amprobe-at-6030-rastreador-de-fios-avancado\/","url":"https:\/\/bhimportsexports.com\/hl=pt\/produto\/amprobe-at-6030-rastreador-de-fios-avancado\/","name":"Amprobe AT-6030 Rastreador de fios avan\u00e7ado - BH IMPORTS &amp; EXPORTS","isPartOf":{"@id":"https:\/\/bhimportsexports.com\/hl=pt\/#website"},"primaryImageOfPage":{"@id":"https:\/\/bhimportsexports.com\/hl=pt\/produto\/amprobe-at-6030-rastreador-de-fios-avancado\/#primaryimage"},"image":{"@id":"https:\/\/bhimportsexports.com\/hl=pt\/produto\/amprobe-at-6030-rastreador-de-fios-avancado\/#primaryimage"},"thumbnailUrl":"https:\/\/bhimportsexports.com\/wp-content\/uploads\/2024\/12\/Wire-Tracer_535x363pxAT-6030-300x204-1.jpg","datePublished":"2024-12-10T13:02:48+00:00","dateModified":"2024-12-10T14:17:15+00:00","description":"Amprobe AT-6030 Rastreador de fios avan\u00e7ado","breadcrumb":{"@id":"https:\/\/bhimportsexports.com\/hl=pt\/produto\/amprobe-at-6030-rastreador-de-fios-avancado\/#breadcrumb"},"inLanguage":"pt-BR","potentialAction":[{"@type":"ReadAction","target":["https:\/\/bhimportsexports.com\/hl=pt\/produto\/amprobe-at-6030-rastreador-de-fios-avancado\/"]}]},{"@type":"ImageObject","inLanguage":"pt-BR","@id":"https:\/\/bhimportsexports.com\/hl=pt\/produto\/amprobe-at-6030-rastreador-de-fios-avancado\/#primaryimage","url":"https:\/\/bhimportsexports.com\/wp-content\/uploads\/2024\/12\/Wire-Tracer_535x363pxAT-6030-300x204-1.jpg","contentUrl":"https:\/\/bhimportsexports.com\/wp-content\/uploads\/2024\/12\/Wire-Tracer_535x363pxAT-6030-300x204-1.jpg","width":300,"height":204},{"@type":"BreadcrumbList","@id":"https:\/\/bhimportsexports.com\/hl=pt\/produto\/amprobe-at-6030-rastreador-de-fios-avancado\/#breadcrumb","itemListElement":[{"@type":"ListItem","position":1,"name":"In\u00edcio","item":"https:\/\/bhimportsexports.com\/hl=pt\/"},{"@type":"ListItem","position":2,"name":"Loja","item":"https:\/\/bhimportsexports.com\/hl=pt\/loja\/"},{"@type":"ListItem","position":3,"name":"Amprobe AT-6030 Rastreador de fios avan\u00e7ado"}]},{"@type":"WebSite","@id":"https:\/\/bhimportsexports.com\/hl=pt\/#website","url":"https:\/\/bhimportsexports.com\/hl=pt\/","name":"BH IMPORTS & EXPORTS","description":"Innovation and excellence in international trade. Import, export, consultancy and sourcing.","publisher":{"@id":"https:\/\/bhimportsexports.com\/hl=pt\/#organization"},"potentialAction":[{"@type":"SearchAction","target":{"@type":"EntryPoint","urlTemplate":"https:\/\/bhimportsexports.com\/hl=pt\/?s={search_term_string}"},"query-input":{"@type":"PropertyValueSpecification","valueRequired":true,"valueName":"search_term_string"}}],"inLanguage":"pt-BR"},{"@type":"Organization","@id":"https:\/\/bhimportsexports.com\/hl=pt\/#organization","name":"BH IMPORTS & EXPORTS","url":"https:\/\/bhimportsexports.com\/hl=pt\/","logo":{"@type":"ImageObject","inLanguage":"pt-BR","@id":"https:\/\/bhimportsexports.com\/hl=pt\/#\/schema\/logo\/image\/","url":"https:\/\/bhimportsexports.com\/wp-content\/uploads\/2024\/09\/BH-IMPORTS.png","contentUrl":"https:\/\/bhimportsexports.com\/wp-content\/uploads\/2024\/09\/BH-IMPORTS.png","width":300,"height":200,"caption":"BH IMPORTS & EXPORTS"},"image":{"@id":"https:\/\/bhimportsexports.com\/hl=pt\/#\/schema\/logo\/image\/"}}]}},"_links":{"self":[{"href":"https:\/\/bhimportsexports.com\/hl=pt\/wp-json\/wp\/v2\/product\/3673","targetHints":{"allow":["GET"]}}],"collection":[{"href":"https:\/\/bhimportsexports.com\/hl=pt\/wp-json\/wp\/v2\/product"}],"about":[{"href":"https:\/\/bhimportsexports.com\/hl=pt\/wp-json\/wp\/v2\/types\/product"}],"replies":[{"embeddable":true,"href":"https:\/\/bhimportsexports.com\/hl=pt\/wp-json\/wp\/v2\/comments?post=3673"}],"wp:featuredmedia":[{"embeddable":true,"href":"https:\/\/bhimportsexports.com\/hl=pt\/wp-json\/wp\/v2\/media\/3675"}],"wp:attachment":[{"href":"https:\/\/bhimportsexports.com\/hl=pt\/wp-json\/wp\/v2\/media?parent=3673"}],"wp:term":[{"taxonomy":"product_brand","embeddable":true,"href":"https:\/\/bhimportsexports.com\/hl=pt\/wp-json\/wp\/v2\/product_brand?post=3673"},{"taxonomy":"product_cat","embeddable":true,"href":"https:\/\/bhimportsexports.com\/hl=pt\/wp-json\/wp\/v2\/product_cat?post=3673"},{"taxonomy":"product_tag","embeddable":true,"href":"https:\/\/bhimportsexports.com\/hl=pt\/wp-json\/wp\/v2\/product_tag?post=3673"}],"curies":[{"name":"wp","href":"https:\/\/api.w.org\/{rel}","templated":true}]}}