{"id":3654,"date":"2024-11-27T19:53:23","date_gmt":"2024-11-27T19:53:23","guid":{"rendered":"https:\/\/bhimportsexports.com\/hl=pt\/?post_type=product&#038;p=3654"},"modified":"2024-11-27T20:04:57","modified_gmt":"2024-11-27T20:04:57","slug":"advantech-adam-4520-conversor-rs232-advantech-adam4520","status":"publish","type":"product","link":"https:\/\/bhimportsexports.com\/hl=pt\/produto\/advantech-adam-4520-conversor-rs232-advantech-adam4520\/","title":{"rendered":"ADVANTECH ADAM-4520"},"content":{"rendered":"<p>Conversor RS-232 para RS-422\/485 isolado Controle autom\u00e1tico de fluxo de dados RS-485 Prote\u00e7\u00e3o de isolamento de 3000 VCC Linha de dados RS-485 com prote\u00e7\u00e3o contra surtos Velocidade de transmiss\u00e3o de at\u00e9 115,2 Kbps Indicador LED para monitorar o status<\/p>\n","protected":false},"excerpt":{"rendered":"<p>Conversor RS-232 para RS-422\/485 isolado Controle autom\u00e1tico de fluxo de dados RS-485 Prote\u00e7\u00e3o de isolamento de 3000 VCC Linha de dados RS-485 com prote\u00e7\u00e3o contra surtos Velocidade de transmiss\u00e3o de at\u00e9 115,2 Kbps Indicador LED para monitorar o status<\/p>\n","protected":false},"featured_media":3655,"comment_status":"open","ping_status":"closed","template":"","meta":[],"product_brand":[],"product_cat":[1094],"product_tag":[],"class_list":{"0":"post-3654","1":"product","2":"type-product","3":"status-publish","4":"has-post-thumbnail","6":"product_cat-converosr-de-dados","8":"first","9":"instock","10":"shipping-taxable","11":"purchasable","12":"product-type-simple"},"yoast_head":"<!-- This site is optimized with the Yoast SEO plugin v27.4 - https:\/\/yoast.com\/product\/yoast-seo-wordpress\/ -->\n<title>ADVANTECH ADAM-4520 - BH IMPORTS &amp; EXPORTS<\/title>\n<meta name=\"description\" content=\"Conversor RS232 ADVANTECH ADAM4520 Conversor RS-232 para RS-422\/485 isolado Controle autom\u00e1tico de fluxo de dados RS-485 Prote\u00e7\u00e3o de isolamento de 3000 VCC\" \/>\n<meta name=\"robots\" content=\"index, follow, max-snippet:-1, max-image-preview:large, max-video-preview:-1\" \/>\n<link rel=\"canonical\" href=\"https:\/\/bhimportsexports.com\/hl=pt\/produto\/advantech-adam-4520-conversor-rs232-advantech-adam4520\/\" \/>\n<meta property=\"og:locale\" content=\"pt_BR\" \/>\n<meta property=\"og:type\" content=\"article\" \/>\n<meta property=\"og:title\" content=\"ADVANTECH ADAM-4520 - BH IMPORTS &amp; EXPORTS\" \/>\n<meta property=\"og:description\" content=\"Conversor RS232 ADVANTECH ADAM4520 Conversor RS-232 para RS-422\/485 isolado Controle autom\u00e1tico de fluxo de dados RS-485 Prote\u00e7\u00e3o de isolamento de 3000 VCC\" \/>\n<meta property=\"og:url\" content=\"https:\/\/bhimportsexports.com\/hl=pt\/produto\/advantech-adam-4520-conversor-rs232-advantech-adam4520\/\" \/>\n<meta property=\"og:site_name\" content=\"BH IMPORTS &amp; EXPORTS\" \/>\n<meta property=\"article:modified_time\" content=\"2024-11-27T20:04:57+00:00\" \/>\n<meta property=\"og:image\" content=\"https:\/\/bhimportsexports.com\/wp-content\/uploads\/2024\/11\/ADAM-4520_S.jpg\" \/>\n\t<meta property=\"og:image:width\" content=\"220\" \/>\n\t<meta property=\"og:image:height\" content=\"220\" \/>\n\t<meta property=\"og:image:type\" content=\"image\/jpeg\" \/>\n<meta name=\"twitter:card\" content=\"summary_large_image\" \/>\n<meta name=\"twitter:label1\" content=\"Est. tempo de leitura\" \/>\n\t<meta name=\"twitter:data1\" content=\"1 minuto\" \/>\n<script type=\"application\/ld+json\" class=\"yoast-schema-graph\">{\"@context\":\"https:\\\/\\\/schema.org\",\"@graph\":[{\"@type\":\"WebPage\",\"@id\":\"https:\\\/\\\/bhimportsexports.com\\\/hl=pt\\\/produto\\\/advantech-adam-4520-conversor-rs232-advantech-adam4520\\\/\",\"url\":\"https:\\\/\\\/bhimportsexports.com\\\/hl=pt\\\/produto\\\/advantech-adam-4520-conversor-rs232-advantech-adam4520\\\/\",\"name\":\"ADVANTECH ADAM-4520 - BH IMPORTS &amp; EXPORTS\",\"isPartOf\":{\"@id\":\"https:\\\/\\\/bhimportsexports.com\\\/hl=pt\\\/#website\"},\"primaryImageOfPage\":{\"@id\":\"https:\\\/\\\/bhimportsexports.com\\\/hl=pt\\\/produto\\\/advantech-adam-4520-conversor-rs232-advantech-adam4520\\\/#primaryimage\"},\"image\":{\"@id\":\"https:\\\/\\\/bhimportsexports.com\\\/hl=pt\\\/produto\\\/advantech-adam-4520-conversor-rs232-advantech-adam4520\\\/#primaryimage\"},\"thumbnailUrl\":\"https:\\\/\\\/bhimportsexports.com\\\/wp-content\\\/uploads\\\/2024\\\/11\\\/ADAM-4520_S.jpg\",\"datePublished\":\"2024-11-27T19:53:23+00:00\",\"dateModified\":\"2024-11-27T20:04:57+00:00\",\"description\":\"Conversor RS232 ADVANTECH ADAM4520 Conversor RS-232 para RS-422\\\/485 isolado Controle autom\u00e1tico de fluxo de dados RS-485 Prote\u00e7\u00e3o de isolamento de 3000 VCC\",\"breadcrumb\":{\"@id\":\"https:\\\/\\\/bhimportsexports.com\\\/hl=pt\\\/produto\\\/advantech-adam-4520-conversor-rs232-advantech-adam4520\\\/#breadcrumb\"},\"inLanguage\":\"pt-BR\",\"potentialAction\":[{\"@type\":\"ReadAction\",\"target\":[\"https:\\\/\\\/bhimportsexports.com\\\/hl=pt\\\/produto\\\/advantech-adam-4520-conversor-rs232-advantech-adam4520\\\/\"]}]},{\"@type\":\"ImageObject\",\"inLanguage\":\"pt-BR\",\"@id\":\"https:\\\/\\\/bhimportsexports.com\\\/hl=pt\\\/produto\\\/advantech-adam-4520-conversor-rs232-advantech-adam4520\\\/#primaryimage\",\"url\":\"https:\\\/\\\/bhimportsexports.com\\\/wp-content\\\/uploads\\\/2024\\\/11\\\/ADAM-4520_S.jpg\",\"contentUrl\":\"https:\\\/\\\/bhimportsexports.com\\\/wp-content\\\/uploads\\\/2024\\\/11\\\/ADAM-4520_S.jpg\",\"width\":220,\"height\":220},{\"@type\":\"BreadcrumbList\",\"@id\":\"https:\\\/\\\/bhimportsexports.com\\\/hl=pt\\\/produto\\\/advantech-adam-4520-conversor-rs232-advantech-adam4520\\\/#breadcrumb\",\"itemListElement\":[{\"@type\":\"ListItem\",\"position\":1,\"name\":\"In\u00edcio\",\"item\":\"https:\\\/\\\/bhimportsexports.com\\\/hl=pt\\\/\"},{\"@type\":\"ListItem\",\"position\":2,\"name\":\"Loja\",\"item\":\"https:\\\/\\\/bhimportsexports.com\\\/hl=pt\\\/loja\\\/\"},{\"@type\":\"ListItem\",\"position\":3,\"name\":\"ADVANTECH ADAM-4520\"}]},{\"@type\":\"WebSite\",\"@id\":\"https:\\\/\\\/bhimportsexports.com\\\/hl=pt\\\/#website\",\"url\":\"https:\\\/\\\/bhimportsexports.com\\\/hl=pt\\\/\",\"name\":\"BH IMPORTS & EXPORTS\",\"description\":\"Innovation and excellence in international trade. Import, export, consultancy and sourcing.\",\"publisher\":{\"@id\":\"https:\\\/\\\/bhimportsexports.com\\\/hl=pt\\\/#organization\"},\"potentialAction\":[{\"@type\":\"SearchAction\",\"target\":{\"@type\":\"EntryPoint\",\"urlTemplate\":\"https:\\\/\\\/bhimportsexports.com\\\/hl=pt\\\/?s={search_term_string}\"},\"query-input\":{\"@type\":\"PropertyValueSpecification\",\"valueRequired\":true,\"valueName\":\"search_term_string\"}}],\"inLanguage\":\"pt-BR\"},{\"@type\":\"Organization\",\"@id\":\"https:\\\/\\\/bhimportsexports.com\\\/hl=pt\\\/#organization\",\"name\":\"BH IMPORTS & EXPORTS\",\"url\":\"https:\\\/\\\/bhimportsexports.com\\\/hl=pt\\\/\",\"logo\":{\"@type\":\"ImageObject\",\"inLanguage\":\"pt-BR\",\"@id\":\"https:\\\/\\\/bhimportsexports.com\\\/hl=pt\\\/#\\\/schema\\\/logo\\\/image\\\/\",\"url\":\"https:\\\/\\\/bhimportsexports.com\\\/wp-content\\\/uploads\\\/2024\\\/09\\\/BH-IMPORTS.png\",\"contentUrl\":\"https:\\\/\\\/bhimportsexports.com\\\/wp-content\\\/uploads\\\/2024\\\/09\\\/BH-IMPORTS.png\",\"width\":300,\"height\":200,\"caption\":\"BH IMPORTS & EXPORTS\"},\"image\":{\"@id\":\"https:\\\/\\\/bhimportsexports.com\\\/hl=pt\\\/#\\\/schema\\\/logo\\\/image\\\/\"}}]}<\/script>\n<!-- \/ Yoast SEO plugin. -->","yoast_head_json":{"title":"ADVANTECH ADAM-4520 - BH IMPORTS &amp; EXPORTS","description":"Conversor RS232 ADVANTECH ADAM4520 Conversor RS-232 para RS-422\/485 isolado Controle autom\u00e1tico de fluxo de dados RS-485 Prote\u00e7\u00e3o de isolamento de 3000 VCC","robots":{"index":"index","follow":"follow","max-snippet":"max-snippet:-1","max-image-preview":"max-image-preview:large","max-video-preview":"max-video-preview:-1"},"canonical":"https:\/\/bhimportsexports.com\/hl=pt\/produto\/advantech-adam-4520-conversor-rs232-advantech-adam4520\/","og_locale":"pt_BR","og_type":"article","og_title":"ADVANTECH ADAM-4520 - BH IMPORTS &amp; EXPORTS","og_description":"Conversor RS232 ADVANTECH ADAM4520 Conversor RS-232 para RS-422\/485 isolado Controle autom\u00e1tico de fluxo de dados RS-485 Prote\u00e7\u00e3o de isolamento de 3000 VCC","og_url":"https:\/\/bhimportsexports.com\/hl=pt\/produto\/advantech-adam-4520-conversor-rs232-advantech-adam4520\/","og_site_name":"BH IMPORTS &amp; EXPORTS","article_modified_time":"2024-11-27T20:04:57+00:00","og_image":[{"width":220,"height":220,"url":"https:\/\/bhimportsexports.com\/wp-content\/uploads\/2024\/11\/ADAM-4520_S.jpg","type":"image\/jpeg"}],"twitter_card":"summary_large_image","twitter_misc":{"Est. tempo de leitura":"1 minuto"},"schema":{"@context":"https:\/\/schema.org","@graph":[{"@type":"WebPage","@id":"https:\/\/bhimportsexports.com\/hl=pt\/produto\/advantech-adam-4520-conversor-rs232-advantech-adam4520\/","url":"https:\/\/bhimportsexports.com\/hl=pt\/produto\/advantech-adam-4520-conversor-rs232-advantech-adam4520\/","name":"ADVANTECH ADAM-4520 - BH IMPORTS &amp; EXPORTS","isPartOf":{"@id":"https:\/\/bhimportsexports.com\/hl=pt\/#website"},"primaryImageOfPage":{"@id":"https:\/\/bhimportsexports.com\/hl=pt\/produto\/advantech-adam-4520-conversor-rs232-advantech-adam4520\/#primaryimage"},"image":{"@id":"https:\/\/bhimportsexports.com\/hl=pt\/produto\/advantech-adam-4520-conversor-rs232-advantech-adam4520\/#primaryimage"},"thumbnailUrl":"https:\/\/bhimportsexports.com\/wp-content\/uploads\/2024\/11\/ADAM-4520_S.jpg","datePublished":"2024-11-27T19:53:23+00:00","dateModified":"2024-11-27T20:04:57+00:00","description":"Conversor RS232 ADVANTECH ADAM4520 Conversor RS-232 para RS-422\/485 isolado Controle autom\u00e1tico de fluxo de dados RS-485 Prote\u00e7\u00e3o de isolamento de 3000 VCC","breadcrumb":{"@id":"https:\/\/bhimportsexports.com\/hl=pt\/produto\/advantech-adam-4520-conversor-rs232-advantech-adam4520\/#breadcrumb"},"inLanguage":"pt-BR","potentialAction":[{"@type":"ReadAction","target":["https:\/\/bhimportsexports.com\/hl=pt\/produto\/advantech-adam-4520-conversor-rs232-advantech-adam4520\/"]}]},{"@type":"ImageObject","inLanguage":"pt-BR","@id":"https:\/\/bhimportsexports.com\/hl=pt\/produto\/advantech-adam-4520-conversor-rs232-advantech-adam4520\/#primaryimage","url":"https:\/\/bhimportsexports.com\/wp-content\/uploads\/2024\/11\/ADAM-4520_S.jpg","contentUrl":"https:\/\/bhimportsexports.com\/wp-content\/uploads\/2024\/11\/ADAM-4520_S.jpg","width":220,"height":220},{"@type":"BreadcrumbList","@id":"https:\/\/bhimportsexports.com\/hl=pt\/produto\/advantech-adam-4520-conversor-rs232-advantech-adam4520\/#breadcrumb","itemListElement":[{"@type":"ListItem","position":1,"name":"In\u00edcio","item":"https:\/\/bhimportsexports.com\/hl=pt\/"},{"@type":"ListItem","position":2,"name":"Loja","item":"https:\/\/bhimportsexports.com\/hl=pt\/loja\/"},{"@type":"ListItem","position":3,"name":"ADVANTECH ADAM-4520"}]},{"@type":"WebSite","@id":"https:\/\/bhimportsexports.com\/hl=pt\/#website","url":"https:\/\/bhimportsexports.com\/hl=pt\/","name":"BH IMPORTS & EXPORTS","description":"Innovation and excellence in international trade. Import, export, consultancy and sourcing.","publisher":{"@id":"https:\/\/bhimportsexports.com\/hl=pt\/#organization"},"potentialAction":[{"@type":"SearchAction","target":{"@type":"EntryPoint","urlTemplate":"https:\/\/bhimportsexports.com\/hl=pt\/?s={search_term_string}"},"query-input":{"@type":"PropertyValueSpecification","valueRequired":true,"valueName":"search_term_string"}}],"inLanguage":"pt-BR"},{"@type":"Organization","@id":"https:\/\/bhimportsexports.com\/hl=pt\/#organization","name":"BH IMPORTS & EXPORTS","url":"https:\/\/bhimportsexports.com\/hl=pt\/","logo":{"@type":"ImageObject","inLanguage":"pt-BR","@id":"https:\/\/bhimportsexports.com\/hl=pt\/#\/schema\/logo\/image\/","url":"https:\/\/bhimportsexports.com\/wp-content\/uploads\/2024\/09\/BH-IMPORTS.png","contentUrl":"https:\/\/bhimportsexports.com\/wp-content\/uploads\/2024\/09\/BH-IMPORTS.png","width":300,"height":200,"caption":"BH IMPORTS & EXPORTS"},"image":{"@id":"https:\/\/bhimportsexports.com\/hl=pt\/#\/schema\/logo\/image\/"}}]}},"_links":{"self":[{"href":"https:\/\/bhimportsexports.com\/hl=pt\/wp-json\/wp\/v2\/product\/3654","targetHints":{"allow":["GET"]}}],"collection":[{"href":"https:\/\/bhimportsexports.com\/hl=pt\/wp-json\/wp\/v2\/product"}],"about":[{"href":"https:\/\/bhimportsexports.com\/hl=pt\/wp-json\/wp\/v2\/types\/product"}],"replies":[{"embeddable":true,"href":"https:\/\/bhimportsexports.com\/hl=pt\/wp-json\/wp\/v2\/comments?post=3654"}],"wp:featuredmedia":[{"embeddable":true,"href":"https:\/\/bhimportsexports.com\/hl=pt\/wp-json\/wp\/v2\/media\/3655"}],"wp:attachment":[{"href":"https:\/\/bhimportsexports.com\/hl=pt\/wp-json\/wp\/v2\/media?parent=3654"}],"wp:term":[{"taxonomy":"product_brand","embeddable":true,"href":"https:\/\/bhimportsexports.com\/hl=pt\/wp-json\/wp\/v2\/product_brand?post=3654"},{"taxonomy":"product_cat","embeddable":true,"href":"https:\/\/bhimportsexports.com\/hl=pt\/wp-json\/wp\/v2\/product_cat?post=3654"},{"taxonomy":"product_tag","embeddable":true,"href":"https:\/\/bhimportsexports.com\/hl=pt\/wp-json\/wp\/v2\/product_tag?post=3654"}],"curies":[{"name":"wp","href":"https:\/\/api.w.org\/{rel}","templated":true}]}}