{"id":3634,"date":"2024-11-21T15:10:29","date_gmt":"2024-11-21T15:10:29","guid":{"rendered":"https:\/\/bhimportsexports.com\/hl=pt\/?post_type=product&#038;p=3634"},"modified":"2024-11-21T15:10:56","modified_gmt":"2024-11-21T15:10:56","slug":"contator-tripolar-96a-bobina-em-48-130vca-abb","status":"publish","type":"product","link":"https:\/\/bhimportsexports.com\/hl=pt\/produto\/contator-tripolar-96a-bobina-em-48-130vca-abb\/","title":{"rendered":"Contator Tripolar, 96A, Bobina em 48-130Vca, AF96-30-11-12, 1NA+1NF, Linha AF, ABB"},"content":{"rendered":"<p>Os contatores AF96 s\u00e3o usados para controlar circuitos de energia de at\u00e9 690 V CA e 220 V CC. Eles s\u00e3o usados principalmente para controlar motores trif\u00e1sicos, cargas n\u00e3o indutivas ou levemente indutivas. Os contatores AF incluem uma interface de bobina eletr\u00f4nica que aceita uma ampla tens\u00e3o de controle. Apenas quatro bobinas cobrem tens\u00f5es de controle entre 24 e 500 Vca ou 20 e 500 Vcc. Os contatores AF possuem prote\u00e7\u00e3o contra sobretens\u00e3o integrada e n\u00e3o requerem supressores de sobretens\u00e3o adicionais. Os contatores de 2 pilhas e 3 p\u00f3los da s\u00e9rie AF s\u00e3o do tipo bloco. P\u00f3los principais e blocos de contato auxiliares: 3 p\u00f3los principais, 2 contatos auxiliares embutidos (1NA+1NF), blocos de contato auxiliares montados na frente e na lateral. Est\u00e1 dispon\u00edvel uma vasta gama de acess\u00f3rios.<\/p>\n","protected":false},"excerpt":{"rendered":"<p>Os contatores AF96 s\u00e3o usados para controlar circuitos de energia de at\u00e9 690 V CA e 220 V CC. Eles s\u00e3o usados principalmente para controlar motores trif\u00e1sicos, cargas n\u00e3o indutivas ou levemente indutivas. Os contatores AF incluem uma interface de bobina eletr\u00f4nica que aceita uma ampla tens\u00e3o de controle. Apenas quatro bobinas cobrem tens\u00f5es de [&hellip;]<\/p>\n","protected":false},"featured_media":2657,"comment_status":"open","ping_status":"closed","template":"","meta":[],"product_brand":[],"product_cat":[1088,1079],"product_tag":[],"class_list":{"0":"post-3634","1":"product","2":"type-product","3":"status-publish","4":"has-post-thumbnail","6":"product_cat-contator","7":"product_cat-sem-categoria","9":"first","10":"instock","11":"shipping-taxable","12":"purchasable","13":"product-type-simple"},"yoast_head":"<!-- This site is optimized with the Yoast SEO plugin v27.4 - https:\/\/yoast.com\/product\/yoast-seo-wordpress\/ -->\n<title>Contator Tripolar 96A Bobina em 48-130Vca ABB 1SBL407001R1211<\/title>\n<meta name=\"robots\" content=\"index, follow, max-snippet:-1, max-image-preview:large, max-video-preview:-1\" \/>\n<link rel=\"canonical\" href=\"https:\/\/bhimportsexports.com\/hl=pt\/produto\/contator-tripolar-96a-bobina-em-48-130vca-abb\/\" \/>\n<meta property=\"og:locale\" content=\"pt_BR\" \/>\n<meta property=\"og:type\" content=\"article\" \/>\n<meta property=\"og:title\" content=\"Contator Tripolar 96A Bobina em 48-130Vca ABB 1SBL407001R1211\" \/>\n<meta property=\"og:description\" content=\"Os contatores AF96 s\u00e3o usados para controlar circuitos de energia de at\u00e9 690 V CA e 220 V CC. Eles s\u00e3o usados principalmente para controlar motores trif\u00e1sicos, cargas n\u00e3o indutivas ou levemente indutivas. Os contatores AF incluem uma interface de bobina eletr\u00f4nica que aceita uma ampla tens\u00e3o de controle. Apenas quatro bobinas cobrem tens\u00f5es de [&hellip;]\" \/>\n<meta property=\"og:url\" content=\"https:\/\/bhimportsexports.com\/hl=pt\/produto\/contator-tripolar-96a-bobina-em-48-130vca-abb\/\" \/>\n<meta property=\"og:site_name\" content=\"BH IMPORTS &amp; EXPORTS\" \/>\n<meta property=\"article:modified_time\" content=\"2024-11-21T15:10:56+00:00\" \/>\n<meta property=\"og:image\" content=\"https:\/\/bhimportsexports.com\/wp-content\/uploads\/2024\/10\/6480d415218068.29168758.webp\" \/>\n\t<meta property=\"og:image:width\" content=\"539\" \/>\n\t<meta property=\"og:image:height\" content=\"539\" \/>\n\t<meta property=\"og:image:type\" content=\"image\/webp\" \/>\n<meta name=\"twitter:card\" content=\"summary_large_image\" \/>\n<meta name=\"twitter:label1\" content=\"Est. tempo de leitura\" \/>\n\t<meta name=\"twitter:data1\" content=\"1 minuto\" \/>\n<script type=\"application\/ld+json\" class=\"yoast-schema-graph\">{\"@context\":\"https:\\\/\\\/schema.org\",\"@graph\":[{\"@type\":\"WebPage\",\"@id\":\"https:\\\/\\\/bhimportsexports.com\\\/hl=pt\\\/produto\\\/contator-tripolar-96a-bobina-em-48-130vca-abb\\\/\",\"url\":\"https:\\\/\\\/bhimportsexports.com\\\/hl=pt\\\/produto\\\/contator-tripolar-96a-bobina-em-48-130vca-abb\\\/\",\"name\":\"Contator Tripolar 96A Bobina em 48-130Vca ABB 1SBL407001R1211\",\"isPartOf\":{\"@id\":\"https:\\\/\\\/bhimportsexports.com\\\/hl=pt\\\/#website\"},\"primaryImageOfPage\":{\"@id\":\"https:\\\/\\\/bhimportsexports.com\\\/hl=pt\\\/produto\\\/contator-tripolar-96a-bobina-em-48-130vca-abb\\\/#primaryimage\"},\"image\":{\"@id\":\"https:\\\/\\\/bhimportsexports.com\\\/hl=pt\\\/produto\\\/contator-tripolar-96a-bobina-em-48-130vca-abb\\\/#primaryimage\"},\"thumbnailUrl\":\"https:\\\/\\\/bhimportsexports.com\\\/wp-content\\\/uploads\\\/2024\\\/10\\\/6480d415218068.29168758.webp\",\"datePublished\":\"2024-11-21T15:10:29+00:00\",\"dateModified\":\"2024-11-21T15:10:56+00:00\",\"breadcrumb\":{\"@id\":\"https:\\\/\\\/bhimportsexports.com\\\/hl=pt\\\/produto\\\/contator-tripolar-96a-bobina-em-48-130vca-abb\\\/#breadcrumb\"},\"inLanguage\":\"pt-BR\",\"potentialAction\":[{\"@type\":\"ReadAction\",\"target\":[\"https:\\\/\\\/bhimportsexports.com\\\/hl=pt\\\/produto\\\/contator-tripolar-96a-bobina-em-48-130vca-abb\\\/\"]}]},{\"@type\":\"ImageObject\",\"inLanguage\":\"pt-BR\",\"@id\":\"https:\\\/\\\/bhimportsexports.com\\\/hl=pt\\\/produto\\\/contator-tripolar-96a-bobina-em-48-130vca-abb\\\/#primaryimage\",\"url\":\"https:\\\/\\\/bhimportsexports.com\\\/wp-content\\\/uploads\\\/2024\\\/10\\\/6480d415218068.29168758.webp\",\"contentUrl\":\"https:\\\/\\\/bhimportsexports.com\\\/wp-content\\\/uploads\\\/2024\\\/10\\\/6480d415218068.29168758.webp\",\"width\":539,\"height\":539},{\"@type\":\"BreadcrumbList\",\"@id\":\"https:\\\/\\\/bhimportsexports.com\\\/hl=pt\\\/produto\\\/contator-tripolar-96a-bobina-em-48-130vca-abb\\\/#breadcrumb\",\"itemListElement\":[{\"@type\":\"ListItem\",\"position\":1,\"name\":\"In\u00edcio\",\"item\":\"https:\\\/\\\/bhimportsexports.com\\\/hl=pt\\\/\"},{\"@type\":\"ListItem\",\"position\":2,\"name\":\"Loja\",\"item\":\"https:\\\/\\\/bhimportsexports.com\\\/hl=pt\\\/loja\\\/\"},{\"@type\":\"ListItem\",\"position\":3,\"name\":\"Contator Tripolar, 96A, Bobina em 48-130Vca, AF96-30-11-12, 1NA+1NF, Linha AF, ABB\"}]},{\"@type\":\"WebSite\",\"@id\":\"https:\\\/\\\/bhimportsexports.com\\\/hl=pt\\\/#website\",\"url\":\"https:\\\/\\\/bhimportsexports.com\\\/hl=pt\\\/\",\"name\":\"BH IMPORTS & EXPORTS\",\"description\":\"Innovation and excellence in international trade. Import, export, consultancy and sourcing.\",\"publisher\":{\"@id\":\"https:\\\/\\\/bhimportsexports.com\\\/hl=pt\\\/#organization\"},\"potentialAction\":[{\"@type\":\"SearchAction\",\"target\":{\"@type\":\"EntryPoint\",\"urlTemplate\":\"https:\\\/\\\/bhimportsexports.com\\\/hl=pt\\\/?s={search_term_string}\"},\"query-input\":{\"@type\":\"PropertyValueSpecification\",\"valueRequired\":true,\"valueName\":\"search_term_string\"}}],\"inLanguage\":\"pt-BR\"},{\"@type\":\"Organization\",\"@id\":\"https:\\\/\\\/bhimportsexports.com\\\/hl=pt\\\/#organization\",\"name\":\"BH IMPORTS & EXPORTS\",\"url\":\"https:\\\/\\\/bhimportsexports.com\\\/hl=pt\\\/\",\"logo\":{\"@type\":\"ImageObject\",\"inLanguage\":\"pt-BR\",\"@id\":\"https:\\\/\\\/bhimportsexports.com\\\/hl=pt\\\/#\\\/schema\\\/logo\\\/image\\\/\",\"url\":\"https:\\\/\\\/bhimportsexports.com\\\/wp-content\\\/uploads\\\/2024\\\/09\\\/BH-IMPORTS.png\",\"contentUrl\":\"https:\\\/\\\/bhimportsexports.com\\\/wp-content\\\/uploads\\\/2024\\\/09\\\/BH-IMPORTS.png\",\"width\":300,\"height\":200,\"caption\":\"BH IMPORTS & EXPORTS\"},\"image\":{\"@id\":\"https:\\\/\\\/bhimportsexports.com\\\/hl=pt\\\/#\\\/schema\\\/logo\\\/image\\\/\"}}]}<\/script>\n<!-- \/ Yoast SEO plugin. -->","yoast_head_json":{"title":"Contator Tripolar 96A Bobina em 48-130Vca ABB 1SBL407001R1211","robots":{"index":"index","follow":"follow","max-snippet":"max-snippet:-1","max-image-preview":"max-image-preview:large","max-video-preview":"max-video-preview:-1"},"canonical":"https:\/\/bhimportsexports.com\/hl=pt\/produto\/contator-tripolar-96a-bobina-em-48-130vca-abb\/","og_locale":"pt_BR","og_type":"article","og_title":"Contator Tripolar 96A Bobina em 48-130Vca ABB 1SBL407001R1211","og_description":"Os contatores AF96 s\u00e3o usados para controlar circuitos de energia de at\u00e9 690 V CA e 220 V CC. Eles s\u00e3o usados principalmente para controlar motores trif\u00e1sicos, cargas n\u00e3o indutivas ou levemente indutivas. Os contatores AF incluem uma interface de bobina eletr\u00f4nica que aceita uma ampla tens\u00e3o de controle. Apenas quatro bobinas cobrem tens\u00f5es de [&hellip;]","og_url":"https:\/\/bhimportsexports.com\/hl=pt\/produto\/contator-tripolar-96a-bobina-em-48-130vca-abb\/","og_site_name":"BH IMPORTS &amp; EXPORTS","article_modified_time":"2024-11-21T15:10:56+00:00","og_image":[{"width":539,"height":539,"url":"https:\/\/bhimportsexports.com\/wp-content\/uploads\/2024\/10\/6480d415218068.29168758.webp","type":"image\/webp"}],"twitter_card":"summary_large_image","twitter_misc":{"Est. tempo de leitura":"1 minuto"},"schema":{"@context":"https:\/\/schema.org","@graph":[{"@type":"WebPage","@id":"https:\/\/bhimportsexports.com\/hl=pt\/produto\/contator-tripolar-96a-bobina-em-48-130vca-abb\/","url":"https:\/\/bhimportsexports.com\/hl=pt\/produto\/contator-tripolar-96a-bobina-em-48-130vca-abb\/","name":"Contator Tripolar 96A Bobina em 48-130Vca ABB 1SBL407001R1211","isPartOf":{"@id":"https:\/\/bhimportsexports.com\/hl=pt\/#website"},"primaryImageOfPage":{"@id":"https:\/\/bhimportsexports.com\/hl=pt\/produto\/contator-tripolar-96a-bobina-em-48-130vca-abb\/#primaryimage"},"image":{"@id":"https:\/\/bhimportsexports.com\/hl=pt\/produto\/contator-tripolar-96a-bobina-em-48-130vca-abb\/#primaryimage"},"thumbnailUrl":"https:\/\/bhimportsexports.com\/wp-content\/uploads\/2024\/10\/6480d415218068.29168758.webp","datePublished":"2024-11-21T15:10:29+00:00","dateModified":"2024-11-21T15:10:56+00:00","breadcrumb":{"@id":"https:\/\/bhimportsexports.com\/hl=pt\/produto\/contator-tripolar-96a-bobina-em-48-130vca-abb\/#breadcrumb"},"inLanguage":"pt-BR","potentialAction":[{"@type":"ReadAction","target":["https:\/\/bhimportsexports.com\/hl=pt\/produto\/contator-tripolar-96a-bobina-em-48-130vca-abb\/"]}]},{"@type":"ImageObject","inLanguage":"pt-BR","@id":"https:\/\/bhimportsexports.com\/hl=pt\/produto\/contator-tripolar-96a-bobina-em-48-130vca-abb\/#primaryimage","url":"https:\/\/bhimportsexports.com\/wp-content\/uploads\/2024\/10\/6480d415218068.29168758.webp","contentUrl":"https:\/\/bhimportsexports.com\/wp-content\/uploads\/2024\/10\/6480d415218068.29168758.webp","width":539,"height":539},{"@type":"BreadcrumbList","@id":"https:\/\/bhimportsexports.com\/hl=pt\/produto\/contator-tripolar-96a-bobina-em-48-130vca-abb\/#breadcrumb","itemListElement":[{"@type":"ListItem","position":1,"name":"In\u00edcio","item":"https:\/\/bhimportsexports.com\/hl=pt\/"},{"@type":"ListItem","position":2,"name":"Loja","item":"https:\/\/bhimportsexports.com\/hl=pt\/loja\/"},{"@type":"ListItem","position":3,"name":"Contator Tripolar, 96A, Bobina em 48-130Vca, AF96-30-11-12, 1NA+1NF, Linha AF, ABB"}]},{"@type":"WebSite","@id":"https:\/\/bhimportsexports.com\/hl=pt\/#website","url":"https:\/\/bhimportsexports.com\/hl=pt\/","name":"BH IMPORTS & EXPORTS","description":"Innovation and excellence in international trade. Import, export, consultancy and sourcing.","publisher":{"@id":"https:\/\/bhimportsexports.com\/hl=pt\/#organization"},"potentialAction":[{"@type":"SearchAction","target":{"@type":"EntryPoint","urlTemplate":"https:\/\/bhimportsexports.com\/hl=pt\/?s={search_term_string}"},"query-input":{"@type":"PropertyValueSpecification","valueRequired":true,"valueName":"search_term_string"}}],"inLanguage":"pt-BR"},{"@type":"Organization","@id":"https:\/\/bhimportsexports.com\/hl=pt\/#organization","name":"BH IMPORTS & EXPORTS","url":"https:\/\/bhimportsexports.com\/hl=pt\/","logo":{"@type":"ImageObject","inLanguage":"pt-BR","@id":"https:\/\/bhimportsexports.com\/hl=pt\/#\/schema\/logo\/image\/","url":"https:\/\/bhimportsexports.com\/wp-content\/uploads\/2024\/09\/BH-IMPORTS.png","contentUrl":"https:\/\/bhimportsexports.com\/wp-content\/uploads\/2024\/09\/BH-IMPORTS.png","width":300,"height":200,"caption":"BH IMPORTS & EXPORTS"},"image":{"@id":"https:\/\/bhimportsexports.com\/hl=pt\/#\/schema\/logo\/image\/"}}]}},"_links":{"self":[{"href":"https:\/\/bhimportsexports.com\/hl=pt\/wp-json\/wp\/v2\/product\/3634","targetHints":{"allow":["GET"]}}],"collection":[{"href":"https:\/\/bhimportsexports.com\/hl=pt\/wp-json\/wp\/v2\/product"}],"about":[{"href":"https:\/\/bhimportsexports.com\/hl=pt\/wp-json\/wp\/v2\/types\/product"}],"replies":[{"embeddable":true,"href":"https:\/\/bhimportsexports.com\/hl=pt\/wp-json\/wp\/v2\/comments?post=3634"}],"wp:featuredmedia":[{"embeddable":true,"href":"https:\/\/bhimportsexports.com\/hl=pt\/wp-json\/wp\/v2\/media\/2657"}],"wp:attachment":[{"href":"https:\/\/bhimportsexports.com\/hl=pt\/wp-json\/wp\/v2\/media?parent=3634"}],"wp:term":[{"taxonomy":"product_brand","embeddable":true,"href":"https:\/\/bhimportsexports.com\/hl=pt\/wp-json\/wp\/v2\/product_brand?post=3634"},{"taxonomy":"product_cat","embeddable":true,"href":"https:\/\/bhimportsexports.com\/hl=pt\/wp-json\/wp\/v2\/product_cat?post=3634"},{"taxonomy":"product_tag","embeddable":true,"href":"https:\/\/bhimportsexports.com\/hl=pt\/wp-json\/wp\/v2\/product_tag?post=3634"}],"curies":[{"name":"wp","href":"https:\/\/api.w.org\/{rel}","templated":true}]}}